{"id":10322,"date":"2024-03-09T22:10:31","date_gmt":"2024-03-09T22:10:31","guid":{"rendered":"https:\/\/www.historieta.es\/?post_type=product&#038;p=10322"},"modified":"2024-03-09T22:12:14","modified_gmt":"2024-03-09T22:12:14","slug":"figurate-lecciones-sencillas-resultados-rapidos","status":"publish","type":"product","link":"https:\/\/www.historieta.es\/?product=figurate-lecciones-sencillas-resultados-rapidos","title":{"rendered":"\u00a1Fig\u00farate! Lecciones sencillas, resultados r\u00e1pidos"},"content":{"rendered":"<p>[et_pb_section fb_built=\u00bb1&#8243; _builder_version=\u00bb4.20.2&#8243; custom_margin=\u00bb-44px|0px|-44px|0px|true|true\u00bb custom_padding=\u00bb0px|0px|0px|0px|true|true\u00bb collapsed=\u00bboff\u00bb global_colors_info=\u00bb{}\u00bb theme_builder_area=\u00bbpost_content\u00bb][et_pb_row column_structure=\u00bb2_5,3_5&#8243; _builder_version=\u00bb4.20.2&#8243; background_size=\u00bbinitial\u00bb background_position=\u00bbtop_left\u00bb background_repeat=\u00bbrepeat\u00bb width=\u00bb100%\u00bb custom_margin=\u00bb0px|0px|0px|0px|true|true\u00bb custom_padding=\u00bb0px|0px|0px|0px|true|true\u00bb global_colors_info=\u00bb{}\u00bb theme_builder_area=\u00bbpost_content\u00bb][et_pb_column type=\u00bb2_5&#8243; _builder_version=\u00bb4.16&#8243; custom_padding=\u00bb|||\u00bb global_colors_info=\u00bb{}\u00bb custom_padding__hover=\u00bb|||\u00bb theme_builder_area=\u00bbpost_content\u00bb][et_pb_wc_images _builder_version=\u00bb4.20.2&#8243; box_shadow_style=\u00bbpreset1&#8243; global_colors_info=\u00bb{}\u00bb theme_builder_area=\u00bbpost_content\u00bb][\/et_pb_wc_images][\/et_pb_column][et_pb_column type=\u00bb3_5&#8243; _builder_version=\u00bb4.20.2&#8243; _module_preset=\u00bbdefault\u00bb global_colors_info=\u00bb{}\u00bb theme_builder_area=\u00bbpost_content\u00bb][et_pb_tabs _builder_version=\u00bb4.20.2&#8243; _module_preset=\u00bbdefault\u00bb hover_enabled=\u00bb0&#8243; global_colors_info=\u00bb{}\u00bb theme_builder_area=\u00bbpost_content\u00bb sticky_enabled=\u00bb0&#8243;][et_pb_tab title=\u00bbDatos\u00bb _builder_version=\u00bb4.20.2&#8243; _module_preset=\u00bbdefault\u00bb hover_enabled=\u00bb0&#8243; global_colors_info=\u00bb{}\u00bb theme_builder_area=\u00bbpost_content\u00bb sticky_enabled=\u00bb0&#8243;]<\/p>\n<p>Autor: Christopher Hart<\/p>\n<p>Editorial: Drac<\/p>\n<p>Ciudad: Boadilla del monte<\/p>\n<p>Pa\u00eds: Espa\u00f1a<\/p>\n<p>Tama\u00f1o: 21,5&#215;28<\/p>\n<p>P\u00e1ginas: 144<\/p>\n<p>A\u00f1o: 2019<\/p>\n<p>Dep\u00f3sito legal:<\/p>\n<p>ISBN: 978-8498746297<\/p>\n<p><strong>IDIOMA: Castellano<br \/><\/strong><\/p>\n<p>[\/et_pb_tab][et_pb_tab title=\u00bbDescripci\u00f3n\u00bb _builder_version=\u00bb4.20.2&#8243; _module_preset=\u00bbdefault\u00bb hover_enabled=\u00bb0&#8243; global_colors_info=\u00bb{}\u00bb theme_builder_area=\u00bbpost_content\u00bb sticky_enabled=\u00bb0&#8243;]<\/p>\n<p>C\u00f3mo dibujar personajes y empezar a bosquejarlos con la exitosa t\u00e9cnica de Christopher Hart. Este libro desglosa los elementos esenciales del dibujo de la figura humana en sencillos pasos que cualquiera puede entender y poner en pr\u00e1ctica enseguida. En el interior, se encontrar\u00e1n: indicaciones pr\u00e1cticas sobre el dibujo de cabezas y cuerpos que pueden aplicarse de inmediato; instrucciones detalladas sobre c\u00f3mo crear distintos rasgos faciales para personalizar f\u00e1cilmente los dibujos; gu\u00eda para dibujar la figura humana desde distintos \u00e1ngulos y en numerosas poses; e im\u00e1genes terminadas a todo color.<br \/>Tambi\u00e9n incluye t\u00e9cnicas, consejos y trucos para dibujar personajes de los que se puede echar mano una y otra vez. Lo que no hay son largas y complicadas explicaciones de anatom\u00eda y musculatura. Se pueden conseguir excelentes resultados sin esa informaci\u00f3n extra. Esta es la manera m\u00e1s sencilla de aprender a dibujar. Solo hay que coger el l\u00e1piz y empezar.<br \/>La editorial<\/p>\n<p>[\/et_pb_tab][et_pb_tab title=\u00bbBibliograf\u00eda\u00bb _builder_version=\u00bb4.20.2&#8243; _module_preset=\u00bbdefault\u00bb global_colors_info=\u00bb{}\u00bb theme_builder_area=\u00bbpost_content\u00bb][\/et_pb_tab][\/et_pb_tabs][et_pb_wc_title _builder_version=\u00bb4.20.2&#8243; header_font=\u00bb|600|||||||\u00bb header_text_color=\u00bb#0C71C3&#8243; header_font_size=\u00bb25px\u00bb custom_margin=\u00bb0px|0px|0px|0px|true|true\u00bb custom_padding=\u00bb0px|0px|0px|0px|true|true\u00bb global_colors_info=\u00bb{}\u00bb theme_builder_area=\u00bbpost_content\u00bb][\/et_pb_wc_title][\/et_pb_column][\/et_pb_row][\/et_pb_section][et_pb_section fb_built=\u00bb1&#8243; _builder_version=\u00bb4.20.2&#8243; _module_preset=\u00bbdefault\u00bb global_colors_info=\u00bb{}\u00bb theme_builder_area=\u00bbpost_content\u00bb][\/et_pb_section][et_pb_section fb_built=\u00bb1&#8243; _builder_version=\u00bb4.20.2&#8243; _module_preset=\u00bbdefault\u00bb global_colors_info=\u00bb{}\u00bb theme_builder_area=\u00bbpost_content\u00bb][\/et_pb_section]<\/p>\n","protected":false},"excerpt":{"rendered":"<p>\u00a1Fig\u00farate! Lecciones sencillas, resultados r\u00e1pidos, Christopher Hart, Drac, Castellano, Espa\u00f1a<\/p>\n","protected":false},"featured_media":10323,"template":"","meta":{"_et_pb_use_builder":"on","_et_pb_old_content":"","_et_gb_content_width":"","_monsterinsights_skip_tracking":false,"_monsterinsights_sitenote_active":false,"_monsterinsights_sitenote_note":"","_monsterinsights_sitenote_category":0},"product_brand":[],"product_cat":[32],"product_tag":[],"class_list":{"0":"post-10322","1":"product","2":"type-product","3":"status-publish","4":"has-post-thumbnail","6":"product_cat-didactica","8":"first","9":"instock","10":"shipping-taxable","11":"product-type-simple"},"yoast_head":"<!-- This site is optimized with the Yoast SEO plugin v27.2 - https:\/\/yoast.com\/product\/yoast-seo-wordpress\/ -->\n<title>\u00a1Fig\u00farate! Lecciones sencillas, resultados r\u00e1pidos<\/title>\n<meta name=\"robots\" content=\"index, follow, max-snippet:-1, max-image-preview:large, max-video-preview:-1\" \/>\n<link rel=\"canonical\" href=\"https:\/\/www.historieta.es\/?product=figurate-lecciones-sencillas-resultados-rapidos\" \/>\n<meta property=\"og:locale\" content=\"es_ES\" \/>\n<meta property=\"og:type\" content=\"article\" \/>\n<meta property=\"og:title\" content=\"\u00a1Fig\u00farate! Lecciones sencillas, resultados r\u00e1pidos\" \/>\n<meta property=\"og:description\" content=\"\u00a1Fig\u00farate! Lecciones sencillas, resultados r\u00e1pidos, Christopher Hart, Drac, Castellano, Espa\u00f1a\" \/>\n<meta property=\"og:url\" content=\"https:\/\/www.historieta.es\/?product=figurate-lecciones-sencillas-resultados-rapidos\" \/>\n<meta property=\"og:site_name\" content=\"historieta\" \/>\n<meta property=\"article:modified_time\" content=\"2024-03-09T22:12:14+00:00\" \/>\n<meta property=\"og:image\" content=\"https:\/\/www.historieta.es\/wp-content\/uploads\/2024\/03\/\u00a1Figurate-Lecciones-sencillas-resultados-rapidos.png\" \/>\n\t<meta property=\"og:image:width\" content=\"600\" \/>\n\t<meta property=\"og:image:height\" content=\"600\" \/>\n\t<meta property=\"og:image:type\" content=\"image\/png\" \/>\n<meta name=\"twitter:card\" content=\"summary_large_image\" \/>\n<meta name=\"twitter:label1\" content=\"Tiempo de lectura\" \/>\n\t<meta name=\"twitter:data1\" content=\"3 minutos\" \/>\n<script type=\"application\/ld+json\" class=\"yoast-schema-graph\">{\"@context\":\"https:\/\/schema.org\",\"@graph\":[{\"@type\":\"WebPage\",\"@id\":\"https:\/\/www.historieta.es\/?product=figurate-lecciones-sencillas-resultados-rapidos\",\"url\":\"https:\/\/www.historieta.es\/?product=figurate-lecciones-sencillas-resultados-rapidos\",\"name\":\"\u00a1Fig\u00farate! Lecciones sencillas, resultados r\u00e1pidos\",\"isPartOf\":{\"@id\":\"https:\/\/www.historieta.es\/#website\"},\"primaryImageOfPage\":{\"@id\":\"https:\/\/www.historieta.es\/?product=figurate-lecciones-sencillas-resultados-rapidos#primaryimage\"},\"image\":{\"@id\":\"https:\/\/www.historieta.es\/?product=figurate-lecciones-sencillas-resultados-rapidos#primaryimage\"},\"thumbnailUrl\":\"https:\/\/www.historieta.es\/wp-content\/uploads\/2024\/03\/\u00a1Figurate-Lecciones-sencillas-resultados-rapidos.png\",\"datePublished\":\"2024-03-09T22:10:31+00:00\",\"dateModified\":\"2024-03-09T22:12:14+00:00\",\"breadcrumb\":{\"@id\":\"https:\/\/www.historieta.es\/?product=figurate-lecciones-sencillas-resultados-rapidos#breadcrumb\"},\"inLanguage\":\"es\",\"potentialAction\":[{\"@type\":\"ReadAction\",\"target\":[\"https:\/\/www.historieta.es\/?product=figurate-lecciones-sencillas-resultados-rapidos\"]}]},{\"@type\":\"ImageObject\",\"inLanguage\":\"es\",\"@id\":\"https:\/\/www.historieta.es\/?product=figurate-lecciones-sencillas-resultados-rapidos#primaryimage\",\"url\":\"https:\/\/www.historieta.es\/wp-content\/uploads\/2024\/03\/\u00a1Figurate-Lecciones-sencillas-resultados-rapidos.png\",\"contentUrl\":\"https:\/\/www.historieta.es\/wp-content\/uploads\/2024\/03\/\u00a1Figurate-Lecciones-sencillas-resultados-rapidos.png\",\"width\":600,\"height\":600},{\"@type\":\"BreadcrumbList\",\"@id\":\"https:\/\/www.historieta.es\/?product=figurate-lecciones-sencillas-resultados-rapidos#breadcrumb\",\"itemListElement\":[{\"@type\":\"ListItem\",\"position\":1,\"name\":\"Portada\",\"item\":\"https:\/\/www.historieta.es\/\"},{\"@type\":\"ListItem\",\"position\":2,\"name\":\"Productos\",\"item\":\"https:\/\/www.historieta.es\/?post_type=product\"},{\"@type\":\"ListItem\",\"position\":3,\"name\":\"\u00a1Fig\u00farate! Lecciones sencillas, resultados r\u00e1pidos\"}]},{\"@type\":\"WebSite\",\"@id\":\"https:\/\/www.historieta.es\/#website\",\"url\":\"https:\/\/www.historieta.es\/\",\"name\":\"historieta\",\"description\":\"sitio de comic\",\"potentialAction\":[{\"@type\":\"SearchAction\",\"target\":{\"@type\":\"EntryPoint\",\"urlTemplate\":\"https:\/\/www.historieta.es\/?s={search_term_string}\"},\"query-input\":{\"@type\":\"PropertyValueSpecification\",\"valueRequired\":true,\"valueName\":\"search_term_string\"}}],\"inLanguage\":\"es\"}]}<\/script>\n<!-- \/ Yoast SEO plugin. -->","yoast_head_json":{"title":"\u00a1Fig\u00farate! Lecciones sencillas, resultados r\u00e1pidos","robots":{"index":"index","follow":"follow","max-snippet":"max-snippet:-1","max-image-preview":"max-image-preview:large","max-video-preview":"max-video-preview:-1"},"canonical":"https:\/\/www.historieta.es\/?product=figurate-lecciones-sencillas-resultados-rapidos","og_locale":"es_ES","og_type":"article","og_title":"\u00a1Fig\u00farate! Lecciones sencillas, resultados r\u00e1pidos","og_description":"\u00a1Fig\u00farate! Lecciones sencillas, resultados r\u00e1pidos, Christopher Hart, Drac, Castellano, Espa\u00f1a","og_url":"https:\/\/www.historieta.es\/?product=figurate-lecciones-sencillas-resultados-rapidos","og_site_name":"historieta","article_modified_time":"2024-03-09T22:12:14+00:00","og_image":[{"width":600,"height":600,"url":"https:\/\/www.historieta.es\/wp-content\/uploads\/2024\/03\/\u00a1Figurate-Lecciones-sencillas-resultados-rapidos.png","type":"image\/png"}],"twitter_card":"summary_large_image","twitter_misc":{"Tiempo de lectura":"3 minutos"},"schema":{"@context":"https:\/\/schema.org","@graph":[{"@type":"WebPage","@id":"https:\/\/www.historieta.es\/?product=figurate-lecciones-sencillas-resultados-rapidos","url":"https:\/\/www.historieta.es\/?product=figurate-lecciones-sencillas-resultados-rapidos","name":"\u00a1Fig\u00farate! Lecciones sencillas, resultados r\u00e1pidos","isPartOf":{"@id":"https:\/\/www.historieta.es\/#website"},"primaryImageOfPage":{"@id":"https:\/\/www.historieta.es\/?product=figurate-lecciones-sencillas-resultados-rapidos#primaryimage"},"image":{"@id":"https:\/\/www.historieta.es\/?product=figurate-lecciones-sencillas-resultados-rapidos#primaryimage"},"thumbnailUrl":"https:\/\/www.historieta.es\/wp-content\/uploads\/2024\/03\/\u00a1Figurate-Lecciones-sencillas-resultados-rapidos.png","datePublished":"2024-03-09T22:10:31+00:00","dateModified":"2024-03-09T22:12:14+00:00","breadcrumb":{"@id":"https:\/\/www.historieta.es\/?product=figurate-lecciones-sencillas-resultados-rapidos#breadcrumb"},"inLanguage":"es","potentialAction":[{"@type":"ReadAction","target":["https:\/\/www.historieta.es\/?product=figurate-lecciones-sencillas-resultados-rapidos"]}]},{"@type":"ImageObject","inLanguage":"es","@id":"https:\/\/www.historieta.es\/?product=figurate-lecciones-sencillas-resultados-rapidos#primaryimage","url":"https:\/\/www.historieta.es\/wp-content\/uploads\/2024\/03\/\u00a1Figurate-Lecciones-sencillas-resultados-rapidos.png","contentUrl":"https:\/\/www.historieta.es\/wp-content\/uploads\/2024\/03\/\u00a1Figurate-Lecciones-sencillas-resultados-rapidos.png","width":600,"height":600},{"@type":"BreadcrumbList","@id":"https:\/\/www.historieta.es\/?product=figurate-lecciones-sencillas-resultados-rapidos#breadcrumb","itemListElement":[{"@type":"ListItem","position":1,"name":"Portada","item":"https:\/\/www.historieta.es\/"},{"@type":"ListItem","position":2,"name":"Productos","item":"https:\/\/www.historieta.es\/?post_type=product"},{"@type":"ListItem","position":3,"name":"\u00a1Fig\u00farate! Lecciones sencillas, resultados r\u00e1pidos"}]},{"@type":"WebSite","@id":"https:\/\/www.historieta.es\/#website","url":"https:\/\/www.historieta.es\/","name":"historieta","description":"sitio de comic","potentialAction":[{"@type":"SearchAction","target":{"@type":"EntryPoint","urlTemplate":"https:\/\/www.historieta.es\/?s={search_term_string}"},"query-input":{"@type":"PropertyValueSpecification","valueRequired":true,"valueName":"search_term_string"}}],"inLanguage":"es"}]}},"_links":{"self":[{"href":"https:\/\/www.historieta.es\/index.php?rest_route=\/wp\/v2\/product\/10322","targetHints":{"allow":["GET"]}}],"collection":[{"href":"https:\/\/www.historieta.es\/index.php?rest_route=\/wp\/v2\/product"}],"about":[{"href":"https:\/\/www.historieta.es\/index.php?rest_route=\/wp\/v2\/types\/product"}],"wp:featuredmedia":[{"embeddable":true,"href":"https:\/\/www.historieta.es\/index.php?rest_route=\/wp\/v2\/media\/10323"}],"wp:attachment":[{"href":"https:\/\/www.historieta.es\/index.php?rest_route=%2Fwp%2Fv2%2Fmedia&parent=10322"}],"wp:term":[{"taxonomy":"product_brand","embeddable":true,"href":"https:\/\/www.historieta.es\/index.php?rest_route=%2Fwp%2Fv2%2Fproduct_brand&post=10322"},{"taxonomy":"product_cat","embeddable":true,"href":"https:\/\/www.historieta.es\/index.php?rest_route=%2Fwp%2Fv2%2Fproduct_cat&post=10322"},{"taxonomy":"product_tag","embeddable":true,"href":"https:\/\/www.historieta.es\/index.php?rest_route=%2Fwp%2Fv2%2Fproduct_tag&post=10322"}],"curies":[{"name":"wp","href":"https:\/\/api.w.org\/{rel}","templated":true}]}}