{"id":10244,"date":"2024-03-09T17:27:53","date_gmt":"2024-03-09T17:27:53","guid":{"rendered":"https:\/\/www.historieta.es\/?post_type=product&#038;p=10244"},"modified":"2024-03-09T17:30:36","modified_gmt":"2024-03-09T17:30:36","slug":"la-clase-de-dibujo-una-novela-grafica-que-te-ensena-a-dibujar","status":"publish","type":"product","link":"https:\/\/www.historieta.es\/?product=la-clase-de-dibujo-una-novela-grafica-que-te-ensena-a-dibujar","title":{"rendered":"La clase de dibujo. Una novela gr\u00e1fica que te ense\u00f1a a dibujar"},"content":{"rendered":"<p>[et_pb_section fb_built=\u00bb1&#8243; _builder_version=\u00bb4.20.2&#8243; custom_margin=\u00bb-44px|0px|-44px|0px|true|true\u00bb custom_padding=\u00bb0px|0px|0px|0px|true|true\u00bb collapsed=\u00bboff\u00bb global_colors_info=\u00bb{}\u00bb][et_pb_row column_structure=\u00bb2_5,3_5&#8243; _builder_version=\u00bb4.20.2&#8243; background_size=\u00bbinitial\u00bb background_position=\u00bbtop_left\u00bb background_repeat=\u00bbrepeat\u00bb width=\u00bb100%\u00bb custom_margin=\u00bb0px|0px|0px|0px|true|true\u00bb custom_padding=\u00bb0px|0px|0px|0px|true|true\u00bb global_colors_info=\u00bb{}\u00bb][et_pb_column type=\u00bb2_5&#8243; _builder_version=\u00bb4.16&#8243; custom_padding=\u00bb|||\u00bb global_colors_info=\u00bb{}\u00bb custom_padding__hover=\u00bb|||\u00bb][et_pb_wc_images _builder_version=\u00bb4.20.2&#8243; box_shadow_style=\u00bbpreset1&#8243; global_colors_info=\u00bb{}\u00bb][\/et_pb_wc_images][\/et_pb_column][et_pb_column type=\u00bb3_5&#8243; _builder_version=\u00bb4.20.2&#8243; _module_preset=\u00bbdefault\u00bb global_colors_info=\u00bb{}\u00bb][et_pb_tabs _builder_version=\u00bb4.20.2&#8243; _module_preset=\u00bbdefault\u00bb global_colors_info=\u00bb{}\u00bb][et_pb_tab title=\u00bbDatos\u00bb _builder_version=\u00bb4.20.2&#8243; _module_preset=\u00bbdefault\u00bb global_colors_info=\u00bb{}\u00bb]<\/p>\n<p>Autor: Mark Crilley<\/p>\n<p>Editorial: Drac<\/p>\n<p>Ciudad: Boadilla del monte<\/p>\n<p>Pa\u00eds: Espa\u00f1a<\/p>\n<p>Tama\u00f1o: 18&#215;26<\/p>\n<p>P\u00e1ginas: 144<\/p>\n<p>A\u00f1o: 2016<\/p>\n<p>Dep\u00f3sito legal:<\/p>\n<p>ISBN: 978-8498745498<\/p>\n<p><strong>IDIOMA: Castellano<br \/><\/strong><\/p>\n<p>[\/et_pb_tab][et_pb_tab title=\u00bbDescripci\u00f3n\u00bb _builder_version=\u00bb4.20.2&#8243; _module_preset=\u00bbdefault\u00bb global_colors_info=\u00bb{}\u00bb]<\/p>\n<p>Una novela gr\u00e1fica que te ense\u00f1a a dibujar Por primera vez en la historia, el profesor de dibujo y novelista gr\u00e1fico Mark Crilley ofrece a los aspirantes a artistas su f\u00e1cil m\u00e9todo de aprendizaje art\u00edstico en forma de c\u00f3mic, proporcion\u00e1ndoles una experiencia de formaci\u00f3n pr\u00e1ctica sin igual. En este libro, conocer\u00e1s a David, un joven que no quiere nada m\u00e1s que aprender a dibujar. Afortunadamente para \u00e9l, acaba de conocer a Becky, su amable profesora de dibujo. P\u00e1gina tras p\u00e1gina, Becky ense\u00f1a a David (\u00a1y a ti!) los fundamentos esenciales que necesitan los artistas para dominar el dibujo, todos ellos en un singular formato visual. En las sucesivas vi\u00f1etas, Crilley imparte clases sobre sombreado, espacio negativo, creaci\u00f3n de composiciones, etc. acompa\u00f1adas de ejercicios que puedes probar por ti mismo. \u00bfEst\u00e1s listo para empezar tu clase de dibujo?<br \/>La editorial<\/p>\n<p>[\/et_pb_tab][et_pb_tab title=\u00bbBibliograf\u00eda\u00bb _builder_version=\u00bb4.20.2&#8243; _module_preset=\u00bbdefault\u00bb global_colors_info=\u00bb{}\u00bb][\/et_pb_tab][\/et_pb_tabs][et_pb_wc_title _builder_version=\u00bb4.20.2&#8243; header_font=\u00bb|600|||||||\u00bb header_text_color=\u00bb#0C71C3&#8243; header_font_size=\u00bb25px\u00bb custom_margin=\u00bb0px|0px|0px|0px|true|true\u00bb custom_padding=\u00bb0px|0px|0px|0px|true|true\u00bb global_colors_info=\u00bb{}\u00bb][\/et_pb_wc_title][\/et_pb_column][\/et_pb_row][\/et_pb_section][et_pb_section fb_built=\u00bb1&#8243; _builder_version=\u00bb4.20.2&#8243; _module_preset=\u00bbdefault\u00bb global_colors_info=\u00bb{}\u00bb][\/et_pb_section][et_pb_section fb_built=\u00bb1&#8243; _builder_version=\u00bb4.20.2&#8243; _module_preset=\u00bbdefault\u00bb global_colors_info=\u00bb{}\u00bb][\/et_pb_section]<\/p>\n","protected":false},"excerpt":{"rendered":"<p>La clase de dibujo. Una novela gr\u00e1fica que te ense\u00f1a a dibujar, Mark Crilley, Drac, Espa\u00f1a, Castellano<\/p>\n","protected":false},"featured_media":10245,"template":"","meta":{"_et_pb_use_builder":"on","_et_pb_old_content":"","_et_gb_content_width":"","_monsterinsights_skip_tracking":false,"_monsterinsights_sitenote_active":false,"_monsterinsights_sitenote_note":"","_monsterinsights_sitenote_category":0},"product_brand":[],"product_cat":[32],"product_tag":[],"class_list":{"0":"post-10244","1":"product","2":"type-product","3":"status-publish","4":"has-post-thumbnail","6":"product_cat-didactica","8":"first","9":"instock","10":"shipping-taxable","11":"product-type-simple"},"yoast_head":"<!-- This site is optimized with the Yoast SEO plugin v27.2 - https:\/\/yoast.com\/product\/yoast-seo-wordpress\/ -->\n<title>La clase de dibujo. Una novela gr\u00e1fica que te ense\u00f1a a dibujar<\/title>\n<meta name=\"robots\" content=\"index, follow, max-snippet:-1, max-image-preview:large, max-video-preview:-1\" \/>\n<link rel=\"canonical\" href=\"https:\/\/www.historieta.es\/?product=la-clase-de-dibujo-una-novela-grafica-que-te-ensena-a-dibujar\" \/>\n<meta property=\"og:locale\" content=\"es_ES\" \/>\n<meta property=\"og:type\" content=\"article\" \/>\n<meta property=\"og:title\" content=\"La clase de dibujo. Una novela gr\u00e1fica que te ense\u00f1a a dibujar\" \/>\n<meta property=\"og:description\" content=\"La clase de dibujo. Una novela gr\u00e1fica que te ense\u00f1a a dibujar, Mark Crilley, Drac, Espa\u00f1a, Castellano\" \/>\n<meta property=\"og:url\" content=\"https:\/\/www.historieta.es\/?product=la-clase-de-dibujo-una-novela-grafica-que-te-ensena-a-dibujar\" \/>\n<meta property=\"og:site_name\" content=\"historieta\" \/>\n<meta property=\"article:modified_time\" content=\"2024-03-09T17:30:36+00:00\" \/>\n<meta property=\"og:image\" content=\"https:\/\/www.historieta.es\/wp-content\/uploads\/2024\/03\/La-clase-de-dibujo.-Una-novela-grafica-que-te-ensena-a-dibujar.png\" \/>\n\t<meta property=\"og:image:width\" content=\"600\" \/>\n\t<meta property=\"og:image:height\" content=\"600\" \/>\n\t<meta property=\"og:image:type\" content=\"image\/png\" \/>\n<meta name=\"twitter:card\" content=\"summary_large_image\" \/>\n<meta name=\"twitter:label1\" content=\"Tiempo de lectura\" \/>\n\t<meta name=\"twitter:data1\" content=\"2 minutos\" \/>\n<script type=\"application\/ld+json\" class=\"yoast-schema-graph\">{\"@context\":\"https:\/\/schema.org\",\"@graph\":[{\"@type\":\"WebPage\",\"@id\":\"https:\/\/www.historieta.es\/?product=la-clase-de-dibujo-una-novela-grafica-que-te-ensena-a-dibujar\",\"url\":\"https:\/\/www.historieta.es\/?product=la-clase-de-dibujo-una-novela-grafica-que-te-ensena-a-dibujar\",\"name\":\"La clase de dibujo. Una novela gr\u00e1fica que te ense\u00f1a a dibujar\",\"isPartOf\":{\"@id\":\"https:\/\/www.historieta.es\/#website\"},\"primaryImageOfPage\":{\"@id\":\"https:\/\/www.historieta.es\/?product=la-clase-de-dibujo-una-novela-grafica-que-te-ensena-a-dibujar#primaryimage\"},\"image\":{\"@id\":\"https:\/\/www.historieta.es\/?product=la-clase-de-dibujo-una-novela-grafica-que-te-ensena-a-dibujar#primaryimage\"},\"thumbnailUrl\":\"https:\/\/www.historieta.es\/wp-content\/uploads\/2024\/03\/La-clase-de-dibujo.-Una-novela-grafica-que-te-ensena-a-dibujar.png\",\"datePublished\":\"2024-03-09T17:27:53+00:00\",\"dateModified\":\"2024-03-09T17:30:36+00:00\",\"breadcrumb\":{\"@id\":\"https:\/\/www.historieta.es\/?product=la-clase-de-dibujo-una-novela-grafica-que-te-ensena-a-dibujar#breadcrumb\"},\"inLanguage\":\"es\",\"potentialAction\":[{\"@type\":\"ReadAction\",\"target\":[\"https:\/\/www.historieta.es\/?product=la-clase-de-dibujo-una-novela-grafica-que-te-ensena-a-dibujar\"]}]},{\"@type\":\"ImageObject\",\"inLanguage\":\"es\",\"@id\":\"https:\/\/www.historieta.es\/?product=la-clase-de-dibujo-una-novela-grafica-que-te-ensena-a-dibujar#primaryimage\",\"url\":\"https:\/\/www.historieta.es\/wp-content\/uploads\/2024\/03\/La-clase-de-dibujo.-Una-novela-grafica-que-te-ensena-a-dibujar.png\",\"contentUrl\":\"https:\/\/www.historieta.es\/wp-content\/uploads\/2024\/03\/La-clase-de-dibujo.-Una-novela-grafica-que-te-ensena-a-dibujar.png\",\"width\":600,\"height\":600},{\"@type\":\"BreadcrumbList\",\"@id\":\"https:\/\/www.historieta.es\/?product=la-clase-de-dibujo-una-novela-grafica-que-te-ensena-a-dibujar#breadcrumb\",\"itemListElement\":[{\"@type\":\"ListItem\",\"position\":1,\"name\":\"Portada\",\"item\":\"https:\/\/www.historieta.es\/\"},{\"@type\":\"ListItem\",\"position\":2,\"name\":\"Productos\",\"item\":\"https:\/\/www.historieta.es\/?post_type=product\"},{\"@type\":\"ListItem\",\"position\":3,\"name\":\"La clase de dibujo. Una novela gr\u00e1fica que te ense\u00f1a a dibujar\"}]},{\"@type\":\"WebSite\",\"@id\":\"https:\/\/www.historieta.es\/#website\",\"url\":\"https:\/\/www.historieta.es\/\",\"name\":\"historieta\",\"description\":\"sitio de comic\",\"potentialAction\":[{\"@type\":\"SearchAction\",\"target\":{\"@type\":\"EntryPoint\",\"urlTemplate\":\"https:\/\/www.historieta.es\/?s={search_term_string}\"},\"query-input\":{\"@type\":\"PropertyValueSpecification\",\"valueRequired\":true,\"valueName\":\"search_term_string\"}}],\"inLanguage\":\"es\"}]}<\/script>\n<!-- \/ Yoast SEO plugin. -->","yoast_head_json":{"title":"La clase de dibujo. Una novela gr\u00e1fica que te ense\u00f1a a dibujar","robots":{"index":"index","follow":"follow","max-snippet":"max-snippet:-1","max-image-preview":"max-image-preview:large","max-video-preview":"max-video-preview:-1"},"canonical":"https:\/\/www.historieta.es\/?product=la-clase-de-dibujo-una-novela-grafica-que-te-ensena-a-dibujar","og_locale":"es_ES","og_type":"article","og_title":"La clase de dibujo. Una novela gr\u00e1fica que te ense\u00f1a a dibujar","og_description":"La clase de dibujo. Una novela gr\u00e1fica que te ense\u00f1a a dibujar, Mark Crilley, Drac, Espa\u00f1a, Castellano","og_url":"https:\/\/www.historieta.es\/?product=la-clase-de-dibujo-una-novela-grafica-que-te-ensena-a-dibujar","og_site_name":"historieta","article_modified_time":"2024-03-09T17:30:36+00:00","og_image":[{"width":600,"height":600,"url":"https:\/\/www.historieta.es\/wp-content\/uploads\/2024\/03\/La-clase-de-dibujo.-Una-novela-grafica-que-te-ensena-a-dibujar.png","type":"image\/png"}],"twitter_card":"summary_large_image","twitter_misc":{"Tiempo de lectura":"2 minutos"},"schema":{"@context":"https:\/\/schema.org","@graph":[{"@type":"WebPage","@id":"https:\/\/www.historieta.es\/?product=la-clase-de-dibujo-una-novela-grafica-que-te-ensena-a-dibujar","url":"https:\/\/www.historieta.es\/?product=la-clase-de-dibujo-una-novela-grafica-que-te-ensena-a-dibujar","name":"La clase de dibujo. Una novela gr\u00e1fica que te ense\u00f1a a dibujar","isPartOf":{"@id":"https:\/\/www.historieta.es\/#website"},"primaryImageOfPage":{"@id":"https:\/\/www.historieta.es\/?product=la-clase-de-dibujo-una-novela-grafica-que-te-ensena-a-dibujar#primaryimage"},"image":{"@id":"https:\/\/www.historieta.es\/?product=la-clase-de-dibujo-una-novela-grafica-que-te-ensena-a-dibujar#primaryimage"},"thumbnailUrl":"https:\/\/www.historieta.es\/wp-content\/uploads\/2024\/03\/La-clase-de-dibujo.-Una-novela-grafica-que-te-ensena-a-dibujar.png","datePublished":"2024-03-09T17:27:53+00:00","dateModified":"2024-03-09T17:30:36+00:00","breadcrumb":{"@id":"https:\/\/www.historieta.es\/?product=la-clase-de-dibujo-una-novela-grafica-que-te-ensena-a-dibujar#breadcrumb"},"inLanguage":"es","potentialAction":[{"@type":"ReadAction","target":["https:\/\/www.historieta.es\/?product=la-clase-de-dibujo-una-novela-grafica-que-te-ensena-a-dibujar"]}]},{"@type":"ImageObject","inLanguage":"es","@id":"https:\/\/www.historieta.es\/?product=la-clase-de-dibujo-una-novela-grafica-que-te-ensena-a-dibujar#primaryimage","url":"https:\/\/www.historieta.es\/wp-content\/uploads\/2024\/03\/La-clase-de-dibujo.-Una-novela-grafica-que-te-ensena-a-dibujar.png","contentUrl":"https:\/\/www.historieta.es\/wp-content\/uploads\/2024\/03\/La-clase-de-dibujo.-Una-novela-grafica-que-te-ensena-a-dibujar.png","width":600,"height":600},{"@type":"BreadcrumbList","@id":"https:\/\/www.historieta.es\/?product=la-clase-de-dibujo-una-novela-grafica-que-te-ensena-a-dibujar#breadcrumb","itemListElement":[{"@type":"ListItem","position":1,"name":"Portada","item":"https:\/\/www.historieta.es\/"},{"@type":"ListItem","position":2,"name":"Productos","item":"https:\/\/www.historieta.es\/?post_type=product"},{"@type":"ListItem","position":3,"name":"La clase de dibujo. Una novela gr\u00e1fica que te ense\u00f1a a dibujar"}]},{"@type":"WebSite","@id":"https:\/\/www.historieta.es\/#website","url":"https:\/\/www.historieta.es\/","name":"historieta","description":"sitio de comic","potentialAction":[{"@type":"SearchAction","target":{"@type":"EntryPoint","urlTemplate":"https:\/\/www.historieta.es\/?s={search_term_string}"},"query-input":{"@type":"PropertyValueSpecification","valueRequired":true,"valueName":"search_term_string"}}],"inLanguage":"es"}]}},"_links":{"self":[{"href":"https:\/\/www.historieta.es\/index.php?rest_route=\/wp\/v2\/product\/10244","targetHints":{"allow":["GET"]}}],"collection":[{"href":"https:\/\/www.historieta.es\/index.php?rest_route=\/wp\/v2\/product"}],"about":[{"href":"https:\/\/www.historieta.es\/index.php?rest_route=\/wp\/v2\/types\/product"}],"wp:featuredmedia":[{"embeddable":true,"href":"https:\/\/www.historieta.es\/index.php?rest_route=\/wp\/v2\/media\/10245"}],"wp:attachment":[{"href":"https:\/\/www.historieta.es\/index.php?rest_route=%2Fwp%2Fv2%2Fmedia&parent=10244"}],"wp:term":[{"taxonomy":"product_brand","embeddable":true,"href":"https:\/\/www.historieta.es\/index.php?rest_route=%2Fwp%2Fv2%2Fproduct_brand&post=10244"},{"taxonomy":"product_cat","embeddable":true,"href":"https:\/\/www.historieta.es\/index.php?rest_route=%2Fwp%2Fv2%2Fproduct_cat&post=10244"},{"taxonomy":"product_tag","embeddable":true,"href":"https:\/\/www.historieta.es\/index.php?rest_route=%2Fwp%2Fv2%2Fproduct_tag&post=10244"}],"curies":[{"name":"wp","href":"https:\/\/api.w.org\/{rel}","templated":true}]}}