{"id":765,"date":"2023-04-05T16:58:02","date_gmt":"2023-04-05T16:58:02","guid":{"rendered":"https:\/\/www.historieta.es\/?page_id=765"},"modified":"2026-02-03T09:34:16","modified_gmt":"2026-02-03T09:34:16","slug":"bibliografia-2","status":"publish","type":"page","link":"https:\/\/www.historieta.es\/?page_id=765","title":{"rendered":"bibliograf\u00eda"},"content":{"rendered":"<p>[et_pb_section fb_built=\u00bb1&#8243; _builder_version=\u00bb4.24.3&#8243; _module_preset=\u00bbdefault\u00bb custom_padding=\u00bb22px||13px|||\u00bb global_colors_info=\u00bb{}\u00bb][et_pb_row column_structure=\u00bb3_4,1_4&#8243; _builder_version=\u00bb4.24.3&#8243; _module_preset=\u00bbdefault\u00bb custom_padding=\u00bb|2px||||\u00bb global_colors_info=\u00bb{}\u00bb][et_pb_column type=\u00bb3_4&#8243; _builder_version=\u00bb4.24.3&#8243; _module_preset=\u00bbdefault\u00bb global_colors_info=\u00bb{}\u00bb][et_pb_image src=\u00bbhttps:\/\/www.historieta.es\/wp-content\/uploads\/2024\/04\/Crumb-banner.png\u00bb title_text=\u00bbCrumb-banner\u00bb show_in_lightbox=\u00bbon\u00bb _builder_version=\u00bb4.24.3&#8243; _module_preset=\u00bbdefault\u00bb global_colors_info=\u00bb{}\u00bb][\/et_pb_image][et_pb_text _builder_version=\u00bb4.25.0&#8243; _module_preset=\u00bbdefault\u00bb text_font=\u00bb|700|||||||\u00bb text_orientation=\u00bbjustified\u00bb global_colors_info=\u00bb{}\u00bb]<\/p>\n<p><span style=\"color: #3366ff;\">bibliograf\u00eda<\/span> | <span style=\"color: #808080;\">bibliografia<\/span><\/p>\n<p><span style=\"color: #3366ff;\">La producci\u00f3n de libros te\u00f3ricos sobre historieta, a ambos lados del atl\u00e1ntico, ha sido inmensa. Esta secci\u00f3n recoger\u00e1 todo ese fondo bibliogr\u00e1fico en tres subsecciones. La de libros agrupar\u00e1 los textos te\u00f3ricos. La de cat\u00e1logos, los folletos y cat\u00e1logos de exposiciones y muestras. La de did\u00e1ctica, la relaci\u00f3n de libros de ense\u00f1anza, tanto de dibujo de c\u00f3mic como de gui\u00f3n de historietas. &#8211;<\/span> <span style=\"color: #808080;\">A produ\u00e7\u00e3o de livros te\u00f3ricos sobre hist\u00f3rias em quadrinhos, nos dois lados do Atl\u00e2ntico, tem sido imensa. Esta se\u00e7\u00e3o reunir\u00e1 todo esse fundo bibliogr\u00e1fico em tr\u00eas subse\u00e7\u00f5es. A se\u00e7\u00e3o de livros agrupar\u00e1 textos te\u00f3ricos. O de cat\u00e1logos, brochuras e cat\u00e1logos de exposi\u00e7\u00f5es e amostras. O da did\u00e1tica, a lista dos livros did\u00e1ticos, tanto de desenho quanto de roteiro de quadrinhos.<\/span><\/p>\n<p><span style=\"color: #808080;\">\u00a0<\/span><\/p>\n<p>[\/et_pb_text][et_pb_image src=\u00bbhttps:\/\/www.historieta.es\/wp-content\/uploads\/2026\/02\/catalogos-amarillo.png\u00bb title_text=\u00bbcata\u0301logos-amarillo\u00bb url=\u00bbhttps:\/\/www.historieta.es\/?page_id=1631&#8243; align=\u00bbcenter\u00bb _builder_version=\u00bb4.27.5&#8243; _module_preset=\u00bbdefault\u00bb width=\u00bb20%\u00bb hover_enabled=\u00bb0&#8243; global_colors_info=\u00bb{}\u00bb sticky_enabled=\u00bb0&#8243;][\/et_pb_image][et_pb_image src=\u00bbhttps:\/\/www.historieta.es\/wp-content\/uploads\/2026\/02\/libros-amarillo.png\u00bb title_text=\u00bblibros-amarillo\u00bb url=\u00bbhttps:\/\/www.historieta.es\/?page_id=1627&#8243; show_bottom_space=\u00bboff\u00bb align=\u00bbcenter\u00bb _builder_version=\u00bb4.27.5&#8243; _module_preset=\u00bbdefault\u00bb width=\u00bb20%\u00bb custom_margin=\u00bb-30px||||false|false\u00bb hover_enabled=\u00bb0&#8243; global_colors_info=\u00bb{}\u00bb sticky_enabled=\u00bb0&#8243;][\/et_pb_image][et_pb_image src=\u00bbhttps:\/\/www.historieta.es\/wp-content\/uploads\/2026\/02\/didactica-amarillo.png\u00bb title_text=\u00bbdida\u0301ctica-amarillo\u00bb url=\u00bbhttps:\/\/www.historieta.es\/?page_id=1635&#8243; show_bottom_space=\u00bboff\u00bb align=\u00bbcenter\u00bb _builder_version=\u00bb4.27.5&#8243; _module_preset=\u00bbdefault\u00bb width=\u00bb20%\u00bb custom_margin=\u00bb0px||||false|false\u00bb hover_enabled=\u00bb0&#8243; global_colors_info=\u00bb{}\u00bb sticky_enabled=\u00bb0&#8243;][\/et_pb_image][\/et_pb_column][et_pb_column type=\u00bb1_4&#8243; _builder_version=\u00bb4.24.3&#8243; _module_preset=\u00bbdefault\u00bb global_colors_info=\u00bb{}\u00bb][et_pb_image src=\u00bbhttps:\/\/www.historieta.es\/wp-content\/uploads\/2024\/04\/Noticias.png\u00bb title_text=\u00bbNoticias\u00bb _builder_version=\u00bb4.24.3&#8243; _module_preset=\u00bbdefault\u00bb global_colors_info=\u00bb{}\u00bb][\/et_pb_image][et_pb_image src=\u00bbhttps:\/\/www.historieta.es\/wp-content\/uploads\/2025\/12\/Conversaciones-con-Tintin.png\u00bb title_text=\u00bbConversaciones-con-Tintin\u00bb show_in_lightbox=\u00bbon\u00bb _builder_version=\u00bb4.25.0&#8243; _module_preset=\u00bbdefault\u00bb global_colors_info=\u00bb{}\u00bb][\/et_pb_image][et_pb_text _builder_version=\u00bb4.25.0&#8243; _module_preset=\u00bbdefault\u00bb text_font=\u00bb|700|||||||\u00bb text_text_color=\u00bb#E02B20&#8243; text_font_size=\u00bb12px\u00bb text_line_height=\u00bb1.6em\u00bb text_orientation=\u00bbjustified\u00bb global_colors_info=\u00bb{}\u00bb]<\/p>\n<p><span style=\"color: #800080;\"><span style=\"color: #993300;\">Su autor era un apasionado de la organizacion paramilitar Boy Scout. Su amistad con L\u00e9on Degrelle no le dio m\u00e1s que disgustos. Le apadrin\u00f3 el muy conservador Abate Wallez. Su primera aventura fue para explicarnos la maldad de las ideas socialistas, en una Rusia dominada por el terror rojo. Luego se fue a la finca particular de Leopoldo II para, desde el paternalismo m\u00e1s casposo, blanquear el genocidio que redujo la poblaci\u00f3n congole\u00f1a a la mitad. Vivi\u00f3 en un mundo c\u00e9libe en el que la mujer -salvo la Castafiore- no exist\u00eda. Y, a pesar de todo,\u00a0 Tint\u00edn fue el gu\u00eda aventurero de varias generaciones de adolescentes de toda Europa. Y el mayor referente de la historieta europea. \u00a1\u00a1\u00a1Pasa cada cosa!!!<\/span><br \/><\/span><\/p>\n<p>[\/et_pb_text][et_pb_divider _builder_version=\u00bb4.25.0&#8243; _module_preset=\u00bbdefault\u00bb min_height=\u00bb0px\u00bb custom_margin=\u00bb||9px|||\u00bb global_colors_info=\u00bb{}\u00bb][\/et_pb_divider][et_pb_image src=\u00bbhttps:\/\/www.historieta.es\/wp-content\/uploads\/2025\/12\/Crumb-Vida-de-historietista-.png\u00bb title_text=\u00bbCrumb-Vida-de-historietista-\u00bb show_in_lightbox=\u00bbon\u00bb _builder_version=\u00bb4.25.0&#8243; _module_preset=\u00bbdefault\u00bb min_height=\u00bb309.6px\u00bb custom_padding=\u00bb0px|||||\u00bb global_colors_info=\u00bb{}\u00bb][\/et_pb_image][et_pb_text _builder_version=\u00bb4.25.0&#8243; _module_preset=\u00bbdefault\u00bb text_font=\u00bb|700|||||||\u00bb text_text_color=\u00bb#E02B20&#8243; text_font_size=\u00bb12px\u00bb text_line_height=\u00bb1.6em\u00bb text_orientation=\u00bbjustified\u00bb global_colors_info=\u00bb{}\u00bb]<\/p>\n<p><span style=\"color: #ff0000;\">Nuevo libro sobre Robert <\/span><span style=\"color: #800080;\"><span style=\"color: #ff0000;\">Crumb que unir al fant\u00e1stico <span style=\"color: #993300;\"><em>R.Crumb, entrevistas y c\u00f3mics<\/em><\/span>, sobre las entrevistas concedidas por el autor a la revista The Comics Journal; y al no menos imprescindible <span style=\"color: #993300;\"><em>R.Crumb, remembranzas y otras chanzas<\/em><\/span>. Cons\u00edgalos todos si a\u00fan est\u00e1 a tiempo. No se arrepentir\u00e1.<\/span><br \/><\/span><\/p>\n<p>[\/et_pb_text][et_pb_divider _builder_version=\u00bb4.25.0&#8243; _module_preset=\u00bbdefault\u00bb min_height=\u00bb30.8px\u00bb custom_margin=\u00bb||1px|||\u00bb global_colors_info=\u00bb{}\u00bb][\/et_pb_divider][et_pb_image src=\u00bbhttps:\/\/www.historieta.es\/wp-content\/uploads\/2025\/12\/El-dibujante-del-Eternauta.png\u00bb title_text=\u00bbEl-dibujante-del-Eternauta\u00bb show_in_lightbox=\u00bbon\u00bb _builder_version=\u00bb4.25.0&#8243; _module_preset=\u00bbdefault\u00bb global_colors_info=\u00bb{}\u00bb][\/et_pb_image][et_pb_text _builder_version=\u00bb4.25.0&#8243; _module_preset=\u00bbdefault\u00bb text_font=\u00bb|700|||||||\u00bb text_text_color=\u00bb#E02B20&#8243; text_font_size=\u00bb12px\u00bb text_line_height=\u00bb1.6em\u00bb text_orientation=\u00bbjustified\u00bb global_colors_info=\u00bb{}\u00bb]<\/p>\n<p><span style=\"color: #008000;\">\u00bfQuien se acordaba, a principios de 2025 de Oesterheld? \u00bfDe su asesinato a manos de los militares argentinos? \u00bfDe El eternauta? \u00bfDe Solano L\u00f3pez? \u00bfDe Breccia? Ahora se cae el tel\u00f3n gracias a la multinacional Netflix. \u00a1\u00a1\u00a1No hay mal que por bien no venga!!!<\/span><\/p>\n<p>[\/et_pb_text][et_pb_divider _builder_version=\u00bb4.25.0&#8243; _module_preset=\u00bbdefault\u00bb custom_margin=\u00bb||1px|||\u00bb global_colors_info=\u00bb{}\u00bb][\/et_pb_divider][et_pb_image src=\u00bbhttps:\/\/www.historieta.es\/wp-content\/uploads\/2025\/12\/Los-primeros-superheroes.png\u00bb title_text=\u00bbLos-primeros-superhe\u0301roes\u00bb show_in_lightbox=\u00bbon\u00bb _builder_version=\u00bb4.25.0&#8243; _module_preset=\u00bbdefault\u00bb global_colors_info=\u00bb{}\u00bb][\/et_pb_image][et_pb_text _builder_version=\u00bb4.25.0&#8243; _module_preset=\u00bbdefault\u00bb text_font=\u00bb|700|||||||\u00bb text_text_color=\u00bb#E02B20&#8243; text_font_size=\u00bb12px\u00bb text_line_height=\u00bb1.6em\u00bb text_orientation=\u00bbjustified\u00bb global_colors_info=\u00bb{}\u00bb]<\/p>\n<p><span style=\"color: #808080;\">Interesante repaso a los primeros pasos de los superh\u00e9roes norteamericanos. C\u00f3mo eran antes de que los fondos de inversi\u00f3n se quedaran con Marvel y DC. Qu\u00e9 pijamas vest\u00edan entonces y qu\u00e9 coloristas calzoncillos se pon\u00edan encima.<\/span><\/p>\n<p>[\/et_pb_text][et_pb_divider _builder_version=\u00bb4.25.0&#8243; _module_preset=\u00bbdefault\u00bb custom_margin=\u00bb||1px|||\u00bb global_colors_info=\u00bb{}\u00bb][\/et_pb_divider][et_pb_sidebar _builder_version=\u00bb4.24.3&#8243; _module_preset=\u00bbdefault\u00bb global_colors_info=\u00bb{}\u00bb][\/et_pb_sidebar][\/et_pb_column][\/et_pb_row][et_pb_row _builder_version=\u00bb4.24.3&#8243; _module_preset=\u00bbdefault\u00bb global_colors_info=\u00bb{}\u00bb][et_pb_column type=\u00bb4_4&#8243; _builder_version=\u00bb4.24.3&#8243; _module_preset=\u00bbdefault\u00bb global_colors_info=\u00bb{}\u00bb][\/et_pb_column][\/et_pb_row][\/et_pb_section]<\/p>\n","protected":false},"excerpt":{"rendered":"<p>bibliograf\u00eda | bibliografia La producci\u00f3n de libros te\u00f3ricos sobre historieta, a ambos lados del atl\u00e1ntico, ha sido inmensa. Esta secci\u00f3n recoger\u00e1 todo ese fondo bibliogr\u00e1fico en tres subsecciones. La de libros agrupar\u00e1 los textos te\u00f3ricos. La de cat\u00e1logos, los folletos y cat\u00e1logos de exposiciones y muestras. La de did\u00e1ctica, la relaci\u00f3n de libros de ense\u00f1anza, [&hellip;]<\/p>\n","protected":false},"author":1,"featured_media":0,"parent":0,"menu_order":0,"comment_status":"closed","ping_status":"closed","template":"","meta":{"_et_pb_use_builder":"on","_et_pb_old_content":"","_et_gb_content_width":"","_monsterinsights_skip_tracking":false,"_monsterinsights_sitenote_active":false,"_monsterinsights_sitenote_note":"","_monsterinsights_sitenote_category":0,"footnotes":""},"class_list":["post-765","page","type-page","status-publish","hentry"],"yoast_head":"<!-- This site is optimized with the Yoast SEO plugin v27.2 - https:\/\/yoast.com\/product\/yoast-seo-wordpress\/ -->\n<title>bibliograf\u00eda | historieta<\/title>\n<meta name=\"robots\" content=\"index, follow, max-snippet:-1, max-image-preview:large, max-video-preview:-1\" \/>\n<link rel=\"canonical\" href=\"https:\/\/www.historieta.es\/?page_id=765\" \/>\n<meta property=\"og:locale\" content=\"es_ES\" \/>\n<meta property=\"og:type\" content=\"article\" \/>\n<meta property=\"og:title\" content=\"bibliograf\u00eda | historieta\" \/>\n<meta property=\"og:description\" content=\"bibliograf\u00eda | bibliografia La producci\u00f3n de libros te\u00f3ricos sobre historieta, a ambos lados del atl\u00e1ntico, ha sido inmensa. Esta secci\u00f3n recoger\u00e1 todo ese fondo bibliogr\u00e1fico en tres subsecciones. La de libros agrupar\u00e1 los textos te\u00f3ricos. La de cat\u00e1logos, los folletos y cat\u00e1logos de exposiciones y muestras. La de did\u00e1ctica, la relaci\u00f3n de libros de ense\u00f1anza, [&hellip;]\" \/>\n<meta property=\"og:url\" content=\"https:\/\/www.historieta.es\/?page_id=765\" \/>\n<meta property=\"og:site_name\" content=\"historieta\" \/>\n<meta property=\"article:modified_time\" content=\"2026-02-03T09:34:16+00:00\" \/>\n<meta name=\"twitter:card\" content=\"summary_large_image\" \/>\n<script type=\"application\/ld+json\" class=\"yoast-schema-graph\">{\"@context\":\"https:\/\/schema.org\",\"@graph\":[{\"@type\":\"WebPage\",\"@id\":\"https:\/\/www.historieta.es\/?page_id=765\",\"url\":\"https:\/\/www.historieta.es\/?page_id=765\",\"name\":\"bibliograf\u00eda | historieta\",\"isPartOf\":{\"@id\":\"https:\/\/www.historieta.es\/#website\"},\"datePublished\":\"2023-04-05T16:58:02+00:00\",\"dateModified\":\"2026-02-03T09:34:16+00:00\",\"breadcrumb\":{\"@id\":\"https:\/\/www.historieta.es\/?page_id=765#breadcrumb\"},\"inLanguage\":\"es\",\"potentialAction\":[{\"@type\":\"ReadAction\",\"target\":[\"https:\/\/www.historieta.es\/?page_id=765\"]}]},{\"@type\":\"BreadcrumbList\",\"@id\":\"https:\/\/www.historieta.es\/?page_id=765#breadcrumb\",\"itemListElement\":[{\"@type\":\"ListItem\",\"position\":1,\"name\":\"Portada\",\"item\":\"https:\/\/www.historieta.es\/\"},{\"@type\":\"ListItem\",\"position\":2,\"name\":\"bibliograf\u00eda\"}]},{\"@type\":\"WebSite\",\"@id\":\"https:\/\/www.historieta.es\/#website\",\"url\":\"https:\/\/www.historieta.es\/\",\"name\":\"historieta\",\"description\":\"sitio de comic\",\"potentialAction\":[{\"@type\":\"SearchAction\",\"target\":{\"@type\":\"EntryPoint\",\"urlTemplate\":\"https:\/\/www.historieta.es\/?s={search_term_string}\"},\"query-input\":{\"@type\":\"PropertyValueSpecification\",\"valueRequired\":true,\"valueName\":\"search_term_string\"}}],\"inLanguage\":\"es\"}]}<\/script>\n<!-- \/ Yoast SEO plugin. -->","yoast_head_json":{"title":"bibliograf\u00eda | historieta","robots":{"index":"index","follow":"follow","max-snippet":"max-snippet:-1","max-image-preview":"max-image-preview:large","max-video-preview":"max-video-preview:-1"},"canonical":"https:\/\/www.historieta.es\/?page_id=765","og_locale":"es_ES","og_type":"article","og_title":"bibliograf\u00eda | historieta","og_description":"bibliograf\u00eda | bibliografia La producci\u00f3n de libros te\u00f3ricos sobre historieta, a ambos lados del atl\u00e1ntico, ha sido inmensa. Esta secci\u00f3n recoger\u00e1 todo ese fondo bibliogr\u00e1fico en tres subsecciones. La de libros agrupar\u00e1 los textos te\u00f3ricos. La de cat\u00e1logos, los folletos y cat\u00e1logos de exposiciones y muestras. La de did\u00e1ctica, la relaci\u00f3n de libros de ense\u00f1anza, [&hellip;]","og_url":"https:\/\/www.historieta.es\/?page_id=765","og_site_name":"historieta","article_modified_time":"2026-02-03T09:34:16+00:00","twitter_card":"summary_large_image","schema":{"@context":"https:\/\/schema.org","@graph":[{"@type":"WebPage","@id":"https:\/\/www.historieta.es\/?page_id=765","url":"https:\/\/www.historieta.es\/?page_id=765","name":"bibliograf\u00eda | historieta","isPartOf":{"@id":"https:\/\/www.historieta.es\/#website"},"datePublished":"2023-04-05T16:58:02+00:00","dateModified":"2026-02-03T09:34:16+00:00","breadcrumb":{"@id":"https:\/\/www.historieta.es\/?page_id=765#breadcrumb"},"inLanguage":"es","potentialAction":[{"@type":"ReadAction","target":["https:\/\/www.historieta.es\/?page_id=765"]}]},{"@type":"BreadcrumbList","@id":"https:\/\/www.historieta.es\/?page_id=765#breadcrumb","itemListElement":[{"@type":"ListItem","position":1,"name":"Portada","item":"https:\/\/www.historieta.es\/"},{"@type":"ListItem","position":2,"name":"bibliograf\u00eda"}]},{"@type":"WebSite","@id":"https:\/\/www.historieta.es\/#website","url":"https:\/\/www.historieta.es\/","name":"historieta","description":"sitio de comic","potentialAction":[{"@type":"SearchAction","target":{"@type":"EntryPoint","urlTemplate":"https:\/\/www.historieta.es\/?s={search_term_string}"},"query-input":{"@type":"PropertyValueSpecification","valueRequired":true,"valueName":"search_term_string"}}],"inLanguage":"es"}]}},"_links":{"self":[{"href":"https:\/\/www.historieta.es\/index.php?rest_route=\/wp\/v2\/pages\/765","targetHints":{"allow":["GET"]}}],"collection":[{"href":"https:\/\/www.historieta.es\/index.php?rest_route=\/wp\/v2\/pages"}],"about":[{"href":"https:\/\/www.historieta.es\/index.php?rest_route=\/wp\/v2\/types\/page"}],"author":[{"embeddable":true,"href":"https:\/\/www.historieta.es\/index.php?rest_route=\/wp\/v2\/users\/1"}],"replies":[{"embeddable":true,"href":"https:\/\/www.historieta.es\/index.php?rest_route=%2Fwp%2Fv2%2Fcomments&post=765"}],"version-history":[{"count":44,"href":"https:\/\/www.historieta.es\/index.php?rest_route=\/wp\/v2\/pages\/765\/revisions"}],"predecessor-version":[{"id":27039,"href":"https:\/\/www.historieta.es\/index.php?rest_route=\/wp\/v2\/pages\/765\/revisions\/27039"}],"wp:attachment":[{"href":"https:\/\/www.historieta.es\/index.php?rest_route=%2Fwp%2Fv2%2Fmedia&parent=765"}],"curies":[{"name":"wp","href":"https:\/\/api.w.org\/{rel}","templated":true}]}}