{"id":76,"date":"2023-03-27T15:59:49","date_gmt":"2023-03-27T15:59:49","guid":{"rendered":"https:\/\/www.historieta.es\/?page_id=76"},"modified":"2026-03-29T10:53:47","modified_gmt":"2026-03-29T10:53:47","slug":"inicio","status":"publish","type":"page","link":"https:\/\/www.historieta.es\/","title":{"rendered":"inicio"},"content":{"rendered":"<p>[et_pb_section fb_built=\u00bb1&#8243; _builder_version=\u00bb4.20.2&#8243; _module_preset=\u00bbdefault\u00bb min_height=\u00bb2242.5px\u00bb custom_margin=\u00bb9px|||||\u00bb custom_padding=\u00bb60px||22px|||\u00bb global_colors_info=\u00bb{}\u00bb][et_pb_row column_structure=\u00bb3_4,1_4&#8243; _builder_version=\u00bb4.24.3&#8243; _module_preset=\u00bbdefault\u00bb min_height=\u00bb2262.7px\u00bb custom_margin=\u00bb-26px|auto||auto||\u00bb custom_padding=\u00bb0px||0px|||\u00bb global_colors_info=\u00bb{}\u00bb][et_pb_column type=\u00bb3_4&#8243; _builder_version=\u00bb4.24.3&#8243; _module_preset=\u00bbdefault\u00bb global_colors_info=\u00bb{}\u00bb][et_pb_image src=\u00bbhttps:\/\/www.historieta.es\/wp-content\/uploads\/2026\/03\/Historieta-1.png\u00bb title_text=\u00bbHistorieta-1&#8243; url=\u00bbhttps:\/\/www.historieta.es\/?page_id=27089&#8243; _builder_version=\u00bb4.27.5&#8243; _module_preset=\u00bbdefault\u00bb custom_margin=\u00bb||28px|||\u00bb hover_enabled=\u00bb0&#8243; global_colors_info=\u00bb{}\u00bb sticky_enabled=\u00bb0&#8243;][\/et_pb_image][et_pb_divider _builder_version=\u00bb4.25.0&#8243; _module_preset=\u00bbdefault\u00bb custom_margin=\u00bb-5px||1px|||\u00bb custom_padding=\u00bb||5px|||\u00bb global_colors_info=\u00bb{}\u00bb]<\/p>\n<p>[\/et_pb_divider][et_pb_image src=\u00bbhttps:\/\/www.historieta.es\/wp-content\/uploads\/2024\/04\/Garcia-Cabral-largo.png\u00bb title_text=\u00bbGarcia-Cabral-largo\u00bb show_in_lightbox=\u00bbon\u00bb _builder_version=\u00bb4.24.3&#8243; _module_preset=\u00bbdefault\u00bb global_colors_info=\u00bb{}\u00bb]<\/p>\n<p>[\/et_pb_image][et_pb_text _builder_version=\u00bb4.25.0&#8243; _module_preset=\u00bbdefault\u00bb text_font=\u00bb|700|||||||\u00bb text_text_color=\u00bb#0C71C3&#8243; text_orientation=\u00bbjustified\u00bb global_colors_info=\u00bb{}\u00bb]<\/p>\n<p>Ha entrado en una web especial. En esta web s\u00f3lo tratamos de Historietas, de Gibis, de Bandas desenhadas, de Historietes, de Quadrinhos. Con un objetivo claro, acceder a una comunidad de amantes del c\u00f3mic en todo el mundo iberoamericano, hablen portugu\u00e9s, catal\u00e1n, sefard\u00ed, valenciano, bable, haket\u00eda, gallego o castellano. Somos m\u00e1s de 700 millones. La comunidad m\u00e1s importante del mundo de la historieta. <span style=\"color: #808080;\"><\/span><\/p>\n<p>[\/et_pb_text][et_pb_divider _builder_version=\u00bb4.25.0&#8243; _module_preset=\u00bbdefault\u00bb custom_margin=\u00bb-5px||1px|||\u00bb custom_padding=\u00bb||5px|||\u00bb global_colors_info=\u00bb{}\u00bb]<\/p>\n<p>[\/et_pb_divider][et_pb_image src=\u00bbhttps:\/\/www.historieta.es\/wp-content\/uploads\/2025\/12\/resenamos-los-primeros-2500-fanzines.png\u00bb title_text=\u00bbresen\u0303amos-los-primeros-2500-fanzines\u00bb url=\u00bbhttps:\/\/www.historieta.es\/?page_id=19977&#8243; _builder_version=\u00bb4.25.0&#8243; _module_preset=\u00bbdefault\u00bb custom_margin=\u00bb||28px|||\u00bb global_colors_info=\u00bb{}\u00bb][\/et_pb_image][et_pb_divider _builder_version=\u00bb4.25.0&#8243; _module_preset=\u00bbdefault\u00bb min_height=\u00bb5.8px\u00bb custom_margin=\u00bb1px||1px|||\u00bb custom_padding=\u00bb||5px|||\u00bb global_colors_info=\u00bb{}\u00bb]<\/p>\n<p>[\/et_pb_divider][et_pb_image src=\u00bbhttps:\/\/www.historieta.es\/wp-content\/uploads\/2026\/01\/resenamos-los-primeros-1800-tec.png\u00bb title_text=\u00bbresen\u0303amos-los-primeros-1800-tec\u00bb url=\u00bbhttps:\/\/www.historieta.es\/?page_id=27054&#8243; _builder_version=\u00bb4.27.5&#8243; _module_preset=\u00bbdefault\u00bb custom_margin=\u00bb||28px|||\u00bb global_colors_info=\u00bb{}\u00bb][\/et_pb_image][et_pb_divider _builder_version=\u00bb4.25.0&#8243; _module_preset=\u00bbdefault\u00bb min_height=\u00bb5.8px\u00bb custom_margin=\u00bb1px||1px|||\u00bb custom_padding=\u00bb||5px|||\u00bb global_colors_info=\u00bb{}\u00bb]<\/p>\n<p>[\/et_pb_divider][et_pb_image src=\u00bbhttps:\/\/www.historieta.es\/wp-content\/uploads\/2026\/02\/resenamos-las-primeras-800-peliculas.png\u00bb title_text=\u00bbresen\u0303amos-las-primeras-800-peli\u0301culas\u00bb url=\u00bbhttps:\/\/www.historieta.es\/?page_id=1621&#8243; _builder_version=\u00bb4.27.5&#8243; _module_preset=\u00bbdefault\u00bb custom_margin=\u00bb||28px|||\u00bb global_colors_info=\u00bb{}\u00bb][\/et_pb_image][et_pb_image title_text=\u00bbHace-50-an\u0303os\u00bb url=\u00bbhttps:\/\/www.historieta.es\/?page_id=18581&#8243; _builder_version=\u00bb4.25.0&#8243; _module_preset=\u00bbdefault\u00bb custom_margin=\u00bb||-6px|||\u00bb global_colors_info=\u00bb{}\u00bb][\/et_pb_image][et_pb_divider _builder_version=\u00bb4.25.0&#8243; _module_preset=\u00bbdefault\u00bb min_height=\u00bb5.8px\u00bb custom_margin=\u00bb1px||1px|||\u00bb custom_padding=\u00bb||5px|||\u00bb global_colors_info=\u00bb{}\u00bb]<\/p>\n<p>[\/et_pb_divider][et_pb_image src=\u00bbhttps:\/\/www.historieta.es\/wp-content\/uploads\/2024\/09\/Resenas-de-libros-morado.png\u00bb title_text=\u00bbResen\u0303as de libros &#8211; morado\u00bb url=\u00bbhttps:\/\/www.historieta.es\/?page_id=15615&#8243; _builder_version=\u00bb4.25.0&#8243; _module_preset=\u00bbdefault\u00bb global_colors_info=\u00bb{}\u00bb][\/et_pb_image][et_pb_divider _builder_version=\u00bb4.25.0&#8243; _module_preset=\u00bbdefault\u00bb min_height=\u00bb27.8px\u00bb custom_margin=\u00bb||0px|||\u00bb global_colors_info=\u00bb{}\u00bb]<\/p>\n<p>[\/et_pb_divider][et_pb_image src=\u00bbhttps:\/\/www.historieta.es\/wp-content\/uploads\/2025\/01\/Buscador-O\u00b4Jal-1.png\u00bb title_text=\u00bbBuscador-O\u00b4Jal-1&#8243; url=\u00bbhttps:\/\/www.historieta.es\/?page_id=5292&#8243; _builder_version=\u00bb4.25.0&#8243; _module_preset=\u00bbdefault\u00bb global_colors_info=\u00bb{}\u00bb][\/et_pb_image][et_pb_divider _builder_version=\u00bb4.25.0&#8243; _module_preset=\u00bbdefault\u00bb min_height=\u00bb27.8px\u00bb custom_margin=\u00bb||0px|||\u00bb global_colors_info=\u00bb{}\u00bb]<\/p>\n<p>[\/et_pb_divider][et_pb_image src=\u00bbhttps:\/\/www.historieta.es\/wp-content\/uploads\/2025\/09\/Palestina.png\u00bb title_text=\u00bbPalestina\u00bb show_in_lightbox=\u00bbon\u00bb _builder_version=\u00bb4.25.0&#8243; _module_preset=\u00bbdefault\u00bb global_colors_info=\u00bb{}\u00bb]<\/p>\n<p>[\/et_pb_image][\/et_pb_column][et_pb_column type=\u00bb1_4&#8243; _builder_version=\u00bb4.24.3&#8243; _module_preset=\u00bbdefault\u00bb global_colors_info=\u00bb{}\u00bb][et_pb_image src=\u00bbhttps:\/\/www.historieta.es\/wp-content\/uploads\/2024\/04\/VALENTINA-NOTICIAS.png\u00bb title_text=\u00bbVALENTINA NOTICIAS\u00bb _builder_version=\u00bb4.24.3&#8243; _module_preset=\u00bbdefault\u00bb global_colors_info=\u00bb{}\u00bb]<\/p>\n<p>[\/et_pb_image][et_pb_text _builder_version=\u00bb4.27.5&#8243; _module_preset=\u00bbdefault\u00bb text_font=\u00bb|700|||||||\u00bb text_text_color=\u00bb#E09900&#8243; text_font_size=\u00bb11px\u00bb text_line_height=\u00bb1.6em\u00bb text_orientation=\u00bbjustified\u00bb custom_margin=\u00bb||3px|||\u00bb custom_padding=\u00bb||0px|||\u00bb global_colors_info=\u00bb{}\u00bb]<\/p>\n<h1 style=\"text-align: center;\"><span style=\"color: #ff6600;\"><strong><span style=\"color: #008080;\">SIMBIOSE<\/span><br \/><\/strong><\/span><\/h1>\n<h1 style=\"text-align: center;\"><span style=\"color: #ff6600;\"><strong><span style=\"color: #008080;\">SIMBIOSIS<\/span><\/strong><\/span><\/h1>\n<p>[\/et_pb_text][et_pb_text _builder_version=\u00bb4.27.5&#8243; _module_preset=\u00bbdefault\u00bb text_font=\u00bb|700|||||||\u00bb text_text_color=\u00bb#E09900&#8243; text_font_size=\u00bb13px\u00bb text_line_height=\u00bb1.6em\u00bb text_orientation=\u00bbjustified\u00bb custom_margin=\u00bb||28px|||\u00bb custom_padding=\u00bb||0px|||\u00bb global_colors_info=\u00bb{}\u00bb]<\/p>\n<p style=\"text-align: center;\"><span style=\"color: #000000;\">Ediciones brasile\u00f1as recientes, de obras argentinas y espa\u00f1olas<\/span><\/p>\n<p>[\/et_pb_text][et_pb_image src=\u00bbhttps:\/\/www.historieta.es\/wp-content\/uploads\/2026\/01\/Eu-so-o-seu-silencio.png\u00bb title_text=\u00bbEu-so-o-seu-sile\u0302ncio\u00bb show_in_lightbox=\u00bbon\u00bb align=\u00bbcenter\u00bb _builder_version=\u00bb4.27.5&#8243; _module_preset=\u00bbdefault\u00bb global_colors_info=\u00bb{}\u00bb]<\/p>\n<p>[\/et_pb_image][et_pb_text _builder_version=\u00bb4.27.5&#8243; _module_preset=\u00bbdefault\u00bb text_font=\u00bb|700|||||||\u00bb text_text_color=\u00bb#E09900&#8243; text_font_size=\u00bb11px\u00bb text_line_height=\u00bb1.6em\u00bb text_orientation=\u00bbjustified\u00bb custom_margin=\u00bb||28px|||\u00bb custom_padding=\u00bb||0px|||\u00bb global_colors_info=\u00bb{}\u00bb]<\/p>\n<h4 style=\"text-align: center;\"><span style=\"color: #ff9900;\"><strong>Eu sou o seu sil\u00eancio<\/strong><\/span><\/h4>\n<p style=\"text-align: center;\"><span style=\"color: #808080;\"><span style=\"color: #000000;\">Editorial Pipoca e Nanquim\u00a0<\/span><\/span><\/p>\n<p><span style=\"color: #808080;\">Jordi Lefebre (Barcelona, Espa\u00f1a, 1979) Su primera gran obra en solitario fue <em>Carta Blanca<\/em> (Dargaud, 2020) la cual fue aclamada por la cr\u00edtica y los lectores, adem\u00e1s de ser galardonada con el Mejor C\u00f3mic del A\u00f1o en los Premios Uderzo 2021, Selecci\u00f3n de Esenciales de ACDC\u00f3mic de 2021 y Selecci\u00f3n Oficial del Festival Quai des Bulles Saint-Malo. Su segundo trabajo en solitario es <em>Soy su silencio<\/em>, su \u00faltima obra hasta la fecha.\u00a0<\/span><\/p>\n<p>Eu Sou o Seu Sil\u00eancio acompanha Eva Rojas, uma psiquiatra brilhante e autodestrutiva que se torna a principal suspeita de um assassinato dentro de uma fam\u00edlia bilion\u00e1ria de Barcelona. Para provar sua inoc\u00eancia, ela passa a investigar o crime por conta pr\u00f3pria, guiada por vozes de mulheres mortas que a acompanham ao longo do caminho. O artista catal\u00e3o Jordi Lafebre, um hitmaker do quadrinho europeu, estrutura a hist\u00f3ria como um thriller cheio de desvios e revela\u00e7\u00f5es, combinando humor, suspense e coment\u00e1rio psicol\u00f3gico. O desenho claro e din\u00e2mico sustenta o ritmo da investiga\u00e7\u00e3o, enquanto a protagonista tem carisma para conquistar o leitor logo de cara.<\/p>\n<p><span style=\"color: #000000;\">OGrito!<\/span><span style=\"color: #808080;\"><\/span><span style=\"color: #000000;\"><\/span><span style=\"color: #ff0000;\"><\/span><\/p>\n<p>[\/et_pb_text][et_pb_divider _builder_version=\u00bb4.25.0&#8243; _module_preset=\u00bbdefault\u00bb min_height=\u00bb36.8px\u00bb custom_margin=\u00bb||-10px|||\u00bb global_colors_info=\u00bb{}\u00bb]<\/p>\n<p>[\/et_pb_divider][et_pb_image src=\u00bbhttps:\/\/www.historieta.es\/wp-content\/uploads\/2026\/01\/Ficcionario.png\u00bb title_text=\u00bbFiccionario\u00bb show_in_lightbox=\u00bbon\u00bb align=\u00bbcenter\u00bb _builder_version=\u00bb4.27.5&#8243; _module_preset=\u00bbdefault\u00bb global_colors_info=\u00bb{}\u00bb]<\/p>\n<p>[\/et_pb_image][et_pb_text _builder_version=\u00bb4.27.5&#8243; _module_preset=\u00bbdefault\u00bb text_font=\u00bb|700|||||||\u00bb text_text_color=\u00bb#E09900&#8243; text_font_size=\u00bb11px\u00bb text_line_height=\u00bb1.6em\u00bb text_orientation=\u00bbjustified\u00bb custom_margin=\u00bb||28px|||\u00bb custom_padding=\u00bb||0px|||\u00bb global_colors_info=\u00bb{}\u00bb]<\/p>\n<h3 style=\"text-align: center;\"><span style=\"color: #993300;\"><strong>Ficcion\u00e1rio<\/strong><\/span> <strong><span style=\"color: #000000;\"><\/span><\/strong><\/h3>\n<p style=\"text-align: center;\"><span style=\"color: #000000;\">Editorial Risco<\/span><\/p>\n<p><span style=\"color: #808080;\">Horacio Altuna (C\u00f3rdoba, Argentina, 1941) es un artista e historietista argentino. En su obra destacan las historietas El Loco Ch\u00e1vez y Las puertitas del Sr. L\u00f3pez, ambas con guiones de Carlos Trillo y Ficcionario, al igual que una extensa labor en el campo del c\u00f3mic er\u00f3tico. Recibi\u00f3 dos premios \u00abYellow Kid\u00bb, en 1986 y 2004.<\/span><\/p>\n<p><span style=\"color: #993300;\">Ficcion\u00e1rio, de Horacio Altuna, re\u00fane hist\u00f3rias centradas no personagem Beto Benedetti, um homem comum que navega por uma cidade marcada por corrup\u00e7\u00e3o e decad\u00eancia moral. Publicadas originalmente de maneira seriada na revista 1984 em 1982, a obra se passa em um futuro dist\u00f3pico e serve de pano de fundo para falar de totalitarismo e controle social. Trata-se de um dos maiores cl\u00e1ssicos do quadrinho argentino finalmente lan\u00e7ado no Brasil. A edi\u00e7\u00e3o da Risco re\u00fane ainda a HQ Imagin\u00e1rio, lan\u00e7ada em 1988 pela Dargaud na Fran\u00e7a e que aprofunda a tem\u00e1tica da famosa s\u00e9rie. Altuna usa esse jogo entre real e projetado para observar como as pessoas constroem vers\u00f5es de si mesmas para sobreviver. O desenho preciso e expressivo sustenta esse vaiv\u00e9m entre o que \u00e9 vivido e o que \u00e9 sonhado, fazendo dessa HQ um trabalho ainda bastante atual em um mundo que caminha perigosamente para os pesadelos dist\u00f3picos retratados em obras como essa.\u00a0<\/span><\/p>\n<p><span style=\"color: #000000;\">OGrito!<\/span><span style=\"color: #808080;\"><\/span><span style=\"color: #000000;\"><\/span><span style=\"color: #ff0000;\"><\/span><\/p>\n<p>[\/et_pb_text][et_pb_divider _builder_version=\u00bb4.25.0&#8243; _module_preset=\u00bbdefault\u00bb min_height=\u00bb36.8px\u00bb custom_margin=\u00bb||-10px|||\u00bb global_colors_info=\u00bb{}\u00bb]<\/p>\n<p>[\/et_pb_divider][et_pb_image src=\u00bbhttps:\/\/www.historieta.es\/wp-content\/uploads\/2026\/01\/O-corpo-de-Cristo.png\u00bb title_text=\u00bbO-corpo-de-Cristo\u00bb show_in_lightbox=\u00bbon\u00bb align=\u00bbcenter\u00bb _builder_version=\u00bb4.27.5&#8243; _module_preset=\u00bbdefault\u00bb global_colors_info=\u00bb{}\u00bb]<\/p>\n<p>[\/et_pb_image][et_pb_text _builder_version=\u00bb4.27.5&#8243; _module_preset=\u00bbdefault\u00bb text_font=\u00bb|700|||||||\u00bb text_text_color=\u00bb#E09900&#8243; text_font_size=\u00bb11px\u00bb text_line_height=\u00bb1.6em\u00bb text_orientation=\u00bbjustified\u00bb custom_margin=\u00bb||28px|||\u00bb custom_padding=\u00bb||0px|||\u00bb global_colors_info=\u00bb{}\u00bb]<\/p>\n<h3 style=\"text-align: center;\"><span style=\"color: #808000;\"><strong>O corpo de Cristo<\/strong><\/span>\u00a0<strong><span style=\"color: #000000;\"><\/span><\/strong><\/h3>\n<p style=\"text-align: center;\"><span style=\"color: #000000;\">Editorial Comix Zone<\/span><\/p>\n<p><span style=\"color: #808080;\">Beatriz Lema Rivera (La Coru\u00f1a, Espa\u00f1a, 1985), conocida como Bea Lema, es una historietista e ilustradora espa\u00f1ola, ganadora del Premio Nacional del C\u00f3mic de 2024.\u00a0<\/span><\/p>\n<p><span style=\"color: #008080;\">Uma trama sens\u00edvel sobre sa\u00fade mental, O Corpo de Cristo acompanha Vera desde a inf\u00e2ncia, quando a doen\u00e7a da m\u00e3e \u00e9 interpretada como possess\u00e3o demon\u00edaca e tratada entre exorcismos, sil\u00eancio for\u00e7ado e medo dom\u00e9stico. A trama revela como esse ambiente molda a rela\u00e7\u00e3o entre m\u00e3e e filha, atravessada por cuidado, viol\u00eancia simb\u00f3lica e depend\u00eancia afetiva. Bea Lema transforma essa experi\u00eancia \u00edntima em um retrato mais amplo de uma mulher aprisionada por pap\u00e9is familiares e por uma cultura cat\u00f3lica e patriarcal. O uso experimental de bordados misturados a um desenho que mistura delicadeza e estranhamento amplia o impacto emocional do livro.<\/span><\/p>\n<p><span style=\"color: #000000;\">OGrito<\/span><span style=\"color: #808080;\"><\/span><span style=\"color: #000000;\"><\/span><span style=\"color: #ff0000;\"><\/span><\/p>\n<p>[\/et_pb_text][\/et_pb_column][\/et_pb_row][et_pb_row _builder_version=\u00bb4.25.0&#8243; _module_preset=\u00bbdefault\u00bb custom_margin=\u00bb-182px|auto||auto||\u00bb custom_padding=\u00bb0px|||||\u00bb global_colors_info=\u00bb{}\u00bb][et_pb_column type=\u00bb4_4&#8243; _builder_version=\u00bb4.25.0&#8243; _module_preset=\u00bbdefault\u00bb global_colors_info=\u00bb{}\u00bb][et_pb_divider _builder_version=\u00bb4.25.0&#8243; _module_preset=\u00bbdefault\u00bb global_colors_info=\u00bb{}\u00bb][\/et_pb_divider][\/et_pb_column][\/et_pb_row][et_pb_row column_structure=\u00bb1_6,1_6,1_6,1_6,1_6,1_6&#8243; _builder_version=\u00bb4.25.0&#8243; _module_preset=\u00bbdefault\u00bb custom_padding=\u00bb0px|||||\u00bb global_colors_info=\u00bb{}\u00bb][et_pb_column type=\u00bb1_6&#8243; _builder_version=\u00bb4.24.3&#8243; _module_preset=\u00bbdefault\u00bb global_colors_info=\u00bb{}\u00bb][\/et_pb_column][et_pb_column type=\u00bb1_6&#8243; _builder_version=\u00bb4.24.3&#8243; _module_preset=\u00bbdefault\u00bb global_colors_info=\u00bb{}\u00bb][et_pb_image src=\u00bbhttps:\/\/www.historieta.es\/wp-content\/uploads\/2026\/02\/bibliografia-amarillo-1.png\u00bb title_text=\u00bbbibliografia-amarillo\u00bb url=\u00bbhttps:\/\/www.historieta.es\/?page_id=765&#8243; _builder_version=\u00bb4.27.5&#8243; _module_preset=\u00bbdefault\u00bb global_colors_info=\u00bb{}\u00bb][\/et_pb_image][\/et_pb_column][et_pb_column type=\u00bb1_6&#8243; _builder_version=\u00bb4.24.3&#8243; _module_preset=\u00bbdefault\u00bb global_colors_info=\u00bb{}\u00bb][et_pb_image src=\u00bbhttps:\/\/www.historieta.es\/wp-content\/uploads\/2026\/02\/fanzines-rojo.png\u00bb title_text=\u00bbfanzines-rojo\u00bb url=\u00bbhttps:\/\/www.historieta.es\/?page_id=790&#8243; _builder_version=\u00bb4.27.5&#8243; _module_preset=\u00bbdefault\u00bb global_colors_info=\u00bb{}\u00bb][\/et_pb_image][\/et_pb_column][et_pb_column type=\u00bb1_6&#8243; _builder_version=\u00bb4.24.3&#8243; _module_preset=\u00bbdefault\u00bb global_colors_info=\u00bb{}\u00bb][et_pb_image src=\u00bbhttps:\/\/www.historieta.es\/wp-content\/uploads\/2026\/02\/underground-verde.png\u00bb title_text=\u00bbunderground-verde\u00bb url=\u00bbhttps:\/\/www.historieta.es\/?page_id=2578&#8243; _builder_version=\u00bb4.27.5&#8243; _module_preset=\u00bbdefault\u00bb global_colors_info=\u00bb{}\u00bb][\/et_pb_image][\/et_pb_column][et_pb_column type=\u00bb1_6&#8243; _builder_version=\u00bb4.24.3&#8243; _module_preset=\u00bbdefault\u00bb global_colors_info=\u00bb{}\u00bb][et_pb_image src=\u00bbhttps:\/\/www.historieta.es\/wp-content\/uploads\/2026\/02\/cine-y-comics-azul.png\u00bb title_text=\u00bbcine-y-comics-azul\u00bb url=\u00bbhttps:\/\/www.historieta.es\/?page_id=799&#8243; _builder_version=\u00bb4.27.5&#8243; _module_preset=\u00bbdefault\u00bb global_colors_info=\u00bb{}\u00bb][\/et_pb_image][\/et_pb_column][et_pb_column type=\u00bb1_6&#8243; _builder_version=\u00bb4.24.3&#8243; _module_preset=\u00bbdefault\u00bb global_colors_info=\u00bb{}\u00bb][\/et_pb_column][\/et_pb_row][\/et_pb_section]<\/p>\n","protected":false},"excerpt":{"rendered":"<p>Ha entrado en una web especial. En esta web s\u00f3lo tratamos de Historietas, de Gibis, de Bandas desenhadas, de Historietes, de Quadrinhos. Con un objetivo claro, acceder a una comunidad de amantes del c\u00f3mic en todo el mundo iberoamericano, hablen portugu\u00e9s, catal\u00e1n, sefard\u00ed, valenciano, bable, haket\u00eda, gallego o castellano. Somos m\u00e1s de 700 millones. La [&hellip;]<\/p>\n","protected":false},"author":1,"featured_media":0,"parent":0,"menu_order":0,"comment_status":"closed","ping_status":"closed","template":"","meta":{"_et_pb_use_builder":"on","_et_pb_old_content":"","_et_gb_content_width":"","_monsterinsights_skip_tracking":false,"_monsterinsights_sitenote_active":false,"_monsterinsights_sitenote_note":"","_monsterinsights_sitenote_category":0,"footnotes":""},"class_list":["post-76","page","type-page","status-publish","hentry"],"yoast_head":"<!-- This site is optimized with the Yoast SEO plugin v27.2 - https:\/\/yoast.com\/product\/yoast-seo-wordpress\/ -->\n<title>historieta | sitio de c\u00f3mic<\/title>\n<meta name=\"description\" content=\"bibliograf\u00eda del c\u00f3mic iberoamericano | comix underground espa\u00f1ol | fanzines | cine&amp;c\u00f3mic | cartelistas | disco&amp;c\u00f3mic | prehistorieta\" \/>\n<meta name=\"robots\" content=\"index, follow, max-snippet:-1, max-image-preview:large, max-video-preview:-1\" \/>\n<link rel=\"canonical\" href=\"https:\/\/www.historieta.es\/\" \/>\n<meta property=\"og:locale\" content=\"es_ES\" \/>\n<meta property=\"og:type\" content=\"article\" \/>\n<meta property=\"og:title\" content=\"historieta | sitio de c\u00f3mic\" \/>\n<meta property=\"og:description\" content=\"bibliograf\u00eda del c\u00f3mic iberoamericano | comix underground espa\u00f1ol | fanzines | cine&amp;c\u00f3mic | cartelistas | disco&amp;c\u00f3mic | prehistorieta\" \/>\n<meta property=\"og:url\" content=\"https:\/\/www.historieta.es\/\" \/>\n<meta property=\"og:site_name\" content=\"historieta\" \/>\n<meta property=\"article:modified_time\" content=\"2026-03-29T10:53:47+00:00\" \/>\n<meta name=\"twitter:card\" content=\"summary_large_image\" \/>\n<meta name=\"twitter:label1\" content=\"Tiempo de lectura\" \/>\n\t<meta name=\"twitter:data1\" content=\"6 minutos\" \/>\n<script type=\"application\/ld+json\" class=\"yoast-schema-graph\">{\"@context\":\"https:\/\/schema.org\",\"@graph\":[{\"@type\":\"WebPage\",\"@id\":\"https:\/\/www.historieta.es\/\",\"url\":\"https:\/\/www.historieta.es\/\",\"name\":\"historieta | sitio de c\u00f3mic\",\"isPartOf\":{\"@id\":\"https:\/\/www.historieta.es\/#website\"},\"datePublished\":\"2023-03-27T15:59:49+00:00\",\"dateModified\":\"2026-03-29T10:53:47+00:00\",\"description\":\"bibliograf\u00eda del c\u00f3mic iberoamericano | comix underground espa\u00f1ol | fanzines | cine&c\u00f3mic | cartelistas | disco&c\u00f3mic | prehistorieta\",\"breadcrumb\":{\"@id\":\"https:\/\/www.historieta.es\/#breadcrumb\"},\"inLanguage\":\"es\",\"potentialAction\":[{\"@type\":\"ReadAction\",\"target\":[\"https:\/\/www.historieta.es\/\"]}]},{\"@type\":\"BreadcrumbList\",\"@id\":\"https:\/\/www.historieta.es\/#breadcrumb\",\"itemListElement\":[{\"@type\":\"ListItem\",\"position\":1,\"name\":\"Portada\",\"item\":\"https:\/\/www.historieta.es\/\"},{\"@type\":\"ListItem\",\"position\":2,\"name\":\"inicio\"}]},{\"@type\":\"WebSite\",\"@id\":\"https:\/\/www.historieta.es\/#website\",\"url\":\"https:\/\/www.historieta.es\/\",\"name\":\"historieta\",\"description\":\"sitio de comic\",\"potentialAction\":[{\"@type\":\"SearchAction\",\"target\":{\"@type\":\"EntryPoint\",\"urlTemplate\":\"https:\/\/www.historieta.es\/?s={search_term_string}\"},\"query-input\":{\"@type\":\"PropertyValueSpecification\",\"valueRequired\":true,\"valueName\":\"search_term_string\"}}],\"inLanguage\":\"es\"}]}<\/script>\n<!-- \/ Yoast SEO plugin. -->","yoast_head_json":{"title":"historieta | sitio de c\u00f3mic","description":"bibliograf\u00eda del c\u00f3mic iberoamericano | comix underground espa\u00f1ol | fanzines | cine&c\u00f3mic | cartelistas | disco&c\u00f3mic | prehistorieta","robots":{"index":"index","follow":"follow","max-snippet":"max-snippet:-1","max-image-preview":"max-image-preview:large","max-video-preview":"max-video-preview:-1"},"canonical":"https:\/\/www.historieta.es\/","og_locale":"es_ES","og_type":"article","og_title":"historieta | sitio de c\u00f3mic","og_description":"bibliograf\u00eda del c\u00f3mic iberoamericano | comix underground espa\u00f1ol | fanzines | cine&c\u00f3mic | cartelistas | disco&c\u00f3mic | prehistorieta","og_url":"https:\/\/www.historieta.es\/","og_site_name":"historieta","article_modified_time":"2026-03-29T10:53:47+00:00","twitter_card":"summary_large_image","twitter_misc":{"Tiempo de lectura":"6 minutos"},"schema":{"@context":"https:\/\/schema.org","@graph":[{"@type":"WebPage","@id":"https:\/\/www.historieta.es\/","url":"https:\/\/www.historieta.es\/","name":"historieta | sitio de c\u00f3mic","isPartOf":{"@id":"https:\/\/www.historieta.es\/#website"},"datePublished":"2023-03-27T15:59:49+00:00","dateModified":"2026-03-29T10:53:47+00:00","description":"bibliograf\u00eda del c\u00f3mic iberoamericano | comix underground espa\u00f1ol | fanzines | cine&c\u00f3mic | cartelistas | disco&c\u00f3mic | prehistorieta","breadcrumb":{"@id":"https:\/\/www.historieta.es\/#breadcrumb"},"inLanguage":"es","potentialAction":[{"@type":"ReadAction","target":["https:\/\/www.historieta.es\/"]}]},{"@type":"BreadcrumbList","@id":"https:\/\/www.historieta.es\/#breadcrumb","itemListElement":[{"@type":"ListItem","position":1,"name":"Portada","item":"https:\/\/www.historieta.es\/"},{"@type":"ListItem","position":2,"name":"inicio"}]},{"@type":"WebSite","@id":"https:\/\/www.historieta.es\/#website","url":"https:\/\/www.historieta.es\/","name":"historieta","description":"sitio de comic","potentialAction":[{"@type":"SearchAction","target":{"@type":"EntryPoint","urlTemplate":"https:\/\/www.historieta.es\/?s={search_term_string}"},"query-input":{"@type":"PropertyValueSpecification","valueRequired":true,"valueName":"search_term_string"}}],"inLanguage":"es"}]}},"_links":{"self":[{"href":"https:\/\/www.historieta.es\/index.php?rest_route=\/wp\/v2\/pages\/76","targetHints":{"allow":["GET"]}}],"collection":[{"href":"https:\/\/www.historieta.es\/index.php?rest_route=\/wp\/v2\/pages"}],"about":[{"href":"https:\/\/www.historieta.es\/index.php?rest_route=\/wp\/v2\/types\/page"}],"author":[{"embeddable":true,"href":"https:\/\/www.historieta.es\/index.php?rest_route=\/wp\/v2\/users\/1"}],"replies":[{"embeddable":true,"href":"https:\/\/www.historieta.es\/index.php?rest_route=%2Fwp%2Fv2%2Fcomments&post=76"}],"version-history":[{"count":300,"href":"https:\/\/www.historieta.es\/index.php?rest_route=\/wp\/v2\/pages\/76\/revisions"}],"predecessor-version":[{"id":27105,"href":"https:\/\/www.historieta.es\/index.php?rest_route=\/wp\/v2\/pages\/76\/revisions\/27105"}],"wp:attachment":[{"href":"https:\/\/www.historieta.es\/index.php?rest_route=%2Fwp%2Fv2%2Fmedia&parent=76"}],"curies":[{"name":"wp","href":"https:\/\/api.w.org\/{rel}","templated":true}]}}