{"id":2588,"date":"2023-05-17T07:15:16","date_gmt":"2023-05-17T07:15:16","guid":{"rendered":"https:\/\/www.historieta.es\/?page_id=2588"},"modified":"2026-02-03T09:55:54","modified_gmt":"2026-02-03T09:55:54","slug":"publicaciones","status":"publish","type":"page","link":"https:\/\/www.historieta.es\/?page_id=2588","title":{"rendered":"publicaciones"},"content":{"rendered":"<p>[et_pb_section fb_built=\u00bb1&#8243; _builder_version=\u00bb4.20.2&#8243; _module_preset=\u00bbdefault\u00bb global_colors_info=\u00bb{}\u00bb][et_pb_row column_structure=\u00bb1_6,1_6,1_6,1_6,1_6,1_6&#8243; _builder_version=\u00bb4.20.2&#8243; _module_preset=\u00bbdefault\u00bb custom_margin=\u00bb-43px|auto||auto||\u00bb global_colors_info=\u00bb{}\u00bb][et_pb_column type=\u00bb1_6&#8243; _builder_version=\u00bb4.20.2&#8243; _module_preset=\u00bbdefault\u00bb global_colors_info=\u00bb{}\u00bb][et_pb_image src=\u00bbhttps:\/\/www.historieta.es\/wp-content\/uploads\/2023\/06\/publicaciones-color.jpg\u00bb title_text=\u00bbpublicaciones-color\u00bb _builder_version=\u00bb4.20.2&#8243; _module_preset=\u00bbdefault\u00bb global_colors_info=\u00bb{}\u00bb][\/et_pb_image][\/et_pb_column][et_pb_column type=\u00bb1_6&#8243; _builder_version=\u00bb4.20.2&#8243; _module_preset=\u00bbdefault\u00bb global_colors_info=\u00bb{}\u00bb][\/et_pb_column][et_pb_column type=\u00bb1_6&#8243; _builder_version=\u00bb4.20.2&#8243; _module_preset=\u00bbdefault\u00bb global_colors_info=\u00bb{}\u00bb][\/et_pb_column][et_pb_column type=\u00bb1_6&#8243; _builder_version=\u00bb4.20.2&#8243; _module_preset=\u00bbdefault\u00bb global_colors_info=\u00bb{}\u00bb][\/et_pb_column][et_pb_column type=\u00bb1_6&#8243; _builder_version=\u00bb4.20.2&#8243; _module_preset=\u00bbdefault\u00bb global_colors_info=\u00bb{}\u00bb][\/et_pb_column][et_pb_column type=\u00bb1_6&#8243; _builder_version=\u00bb4.20.2&#8243; _module_preset=\u00bbdefault\u00bb global_colors_info=\u00bb{}\u00bb][\/et_pb_column][\/et_pb_row][et_pb_row _builder_version=\u00bb4.20.2&#8243; _module_preset=\u00bbdefault\u00bb min_height=\u00bb106.4px\u00bb custom_margin=\u00bb-43px|auto||auto||\u00bb global_colors_info=\u00bb{}\u00bb][et_pb_column type=\u00bb4_4&#8243; _builder_version=\u00bb4.20.2&#8243; _module_preset=\u00bbdefault\u00bb global_colors_info=\u00bb{}\u00bb][et_pb_text _builder_version=\u00bb4.25.0&#8243; _module_preset=\u00bbdefault\u00bb text_font_size=\u00bb12px\u00bb text_orientation=\u00bbjustified\u00bb global_colors_info=\u00bb{}\u00bb]<\/p>\n<p><strong>\u00bfQu\u00e9 es el \u201cUnderground\u201d espa\u00f1ol?. Es dif\u00edcil responder a esto. \u00bfCu\u00e1ntas publicaciones \u201cUnderground\u201d hubo en Espa\u00f1a? Esto ya es sencillamente imposible de responder. Nosotros catalogamos estas, dentro de una cuesti\u00f3n opinable. &#8211; <span style=\"color: #999999;\">O que \u00e9 o \u201cUnderground\u201d espanhol? \u00c9 dif\u00edcil responder a isso. Quantas publica\u00e7\u00f5es \u201cUnderground\u201d existiam em Espanha? Isso \u00e9 simplesmente imposs\u00edvel de responder. Classificamos isso como uma quest\u00e3o opin\u00e1vel.<\/span><\/strong><\/p>\n<p>[\/et_pb_text][\/et_pb_column][\/et_pb_row][et_pb_row _builder_version=\u00bb4.20.2&#8243; _module_preset=\u00bbdefault\u00bb min_height=\u00bb3244.8px\u00bb custom_margin=\u00bb-24px|auto||auto||\u00bb custom_padding=\u00bb13px|||||\u00bb global_colors_info=\u00bb{}\u00bb][et_pb_column type=\u00bb4_4&#8243; _builder_version=\u00bb4.20.2&#8243; _module_preset=\u00bbdefault\u00bb global_colors_info=\u00bb{}\u00bb][et_pb_shop type=\u00bbproduct_category\u00bb posts_number=\u00bb40&#8243; show_pagination=\u00bbon\u00bb include_categories=\u00bb40&#8243; columns_number=\u00bb4&#8243; orderby=\u00bbmenu_order\u00bb icon_hover_color=\u00bb#FFFFFF\u00bb hover_overlay_color=\u00bbRGBA(255,255,255,0)\u00bb hover_icon=\u00bb&#x76;||divi||400&#8243; show_price=\u00bboff\u00bb show_rating=\u00bboff\u00bb show_sale_badge=\u00bboff\u00bb _builder_version=\u00bb4.20.2&#8243; _module_preset=\u00bbdefault\u00bb title_font=\u00bb|700|||||||\u00bb title_text_align=\u00bbcenter\u00bb title_text_color=\u00bb#0C71C3&#8243; title_font_size=\u00bb10px\u00bb box_shadow_style_image=\u00bbpreset1&#8243; global_colors_info=\u00bb{}\u00bb][\/et_pb_shop][\/et_pb_column][\/et_pb_row][\/et_pb_section]<\/p>\n","protected":false},"excerpt":{"rendered":"<p>\u00bfQu\u00e9 es el \u201cUnderground\u201d espa\u00f1ol?. Es dif\u00edcil responder a esto. \u00bfCu\u00e1ntas publicaciones \u201cUnderground\u201d hubo en Espa\u00f1a? Esto ya es sencillamente imposible de responder. Nosotros catalogamos estas, dentro de una cuesti\u00f3n opinable. &#8211; O que \u00e9 o \u201cUnderground\u201d espanhol? \u00c9 dif\u00edcil responder a isso. Quantas publica\u00e7\u00f5es \u201cUnderground\u201d existiam em Espanha? Isso \u00e9 simplesmente imposs\u00edvel de responder. [&hellip;]<\/p>\n","protected":false},"author":1,"featured_media":0,"parent":0,"menu_order":0,"comment_status":"closed","ping_status":"closed","template":"","meta":{"_et_pb_use_builder":"on","_et_pb_old_content":"","_et_gb_content_width":"","_monsterinsights_skip_tracking":false,"_monsterinsights_sitenote_active":false,"_monsterinsights_sitenote_note":"","_monsterinsights_sitenote_category":0,"footnotes":""},"class_list":["post-2588","page","type-page","status-publish","hentry"],"yoast_head":"<!-- This site is optimized with the Yoast SEO plugin v27.2 - https:\/\/yoast.com\/product\/yoast-seo-wordpress\/ -->\n<title>publicaciones | historieta<\/title>\n<meta name=\"robots\" content=\"index, follow, max-snippet:-1, max-image-preview:large, max-video-preview:-1\" \/>\n<link rel=\"canonical\" href=\"https:\/\/www.historieta.es\/?page_id=2588\" \/>\n<meta property=\"og:locale\" content=\"es_ES\" \/>\n<meta property=\"og:type\" content=\"article\" \/>\n<meta property=\"og:title\" content=\"publicaciones | historieta\" \/>\n<meta property=\"og:description\" content=\"\u00bfQu\u00e9 es el \u201cUnderground\u201d espa\u00f1ol?. Es dif\u00edcil responder a esto. \u00bfCu\u00e1ntas publicaciones \u201cUnderground\u201d hubo en Espa\u00f1a? Esto ya es sencillamente imposible de responder. Nosotros catalogamos estas, dentro de una cuesti\u00f3n opinable. - O que \u00e9 o \u201cUnderground\u201d espanhol? \u00c9 dif\u00edcil responder a isso. Quantas publica\u00e7\u00f5es \u201cUnderground\u201d existiam em Espanha? Isso \u00e9 simplesmente imposs\u00edvel de responder. [&hellip;]\" \/>\n<meta property=\"og:url\" content=\"https:\/\/www.historieta.es\/?page_id=2588\" \/>\n<meta property=\"og:site_name\" content=\"historieta\" \/>\n<meta property=\"article:modified_time\" content=\"2026-02-03T09:55:54+00:00\" \/>\n<meta name=\"twitter:card\" content=\"summary_large_image\" \/>\n<script type=\"application\/ld+json\" class=\"yoast-schema-graph\">{\"@context\":\"https:\/\/schema.org\",\"@graph\":[{\"@type\":\"WebPage\",\"@id\":\"https:\/\/www.historieta.es\/?page_id=2588\",\"url\":\"https:\/\/www.historieta.es\/?page_id=2588\",\"name\":\"publicaciones | historieta\",\"isPartOf\":{\"@id\":\"https:\/\/www.historieta.es\/#website\"},\"datePublished\":\"2023-05-17T07:15:16+00:00\",\"dateModified\":\"2026-02-03T09:55:54+00:00\",\"breadcrumb\":{\"@id\":\"https:\/\/www.historieta.es\/?page_id=2588#breadcrumb\"},\"inLanguage\":\"es\",\"potentialAction\":[{\"@type\":\"ReadAction\",\"target\":[\"https:\/\/www.historieta.es\/?page_id=2588\"]}]},{\"@type\":\"BreadcrumbList\",\"@id\":\"https:\/\/www.historieta.es\/?page_id=2588#breadcrumb\",\"itemListElement\":[{\"@type\":\"ListItem\",\"position\":1,\"name\":\"Portada\",\"item\":\"https:\/\/www.historieta.es\/\"},{\"@type\":\"ListItem\",\"position\":2,\"name\":\"publicaciones\"}]},{\"@type\":\"WebSite\",\"@id\":\"https:\/\/www.historieta.es\/#website\",\"url\":\"https:\/\/www.historieta.es\/\",\"name\":\"historieta\",\"description\":\"sitio de comic\",\"potentialAction\":[{\"@type\":\"SearchAction\",\"target\":{\"@type\":\"EntryPoint\",\"urlTemplate\":\"https:\/\/www.historieta.es\/?s={search_term_string}\"},\"query-input\":{\"@type\":\"PropertyValueSpecification\",\"valueRequired\":true,\"valueName\":\"search_term_string\"}}],\"inLanguage\":\"es\"}]}<\/script>\n<!-- \/ Yoast SEO plugin. -->","yoast_head_json":{"title":"publicaciones | historieta","robots":{"index":"index","follow":"follow","max-snippet":"max-snippet:-1","max-image-preview":"max-image-preview:large","max-video-preview":"max-video-preview:-1"},"canonical":"https:\/\/www.historieta.es\/?page_id=2588","og_locale":"es_ES","og_type":"article","og_title":"publicaciones | historieta","og_description":"\u00bfQu\u00e9 es el \u201cUnderground\u201d espa\u00f1ol?. Es dif\u00edcil responder a esto. \u00bfCu\u00e1ntas publicaciones \u201cUnderground\u201d hubo en Espa\u00f1a? Esto ya es sencillamente imposible de responder. Nosotros catalogamos estas, dentro de una cuesti\u00f3n opinable. - O que \u00e9 o \u201cUnderground\u201d espanhol? \u00c9 dif\u00edcil responder a isso. Quantas publica\u00e7\u00f5es \u201cUnderground\u201d existiam em Espanha? Isso \u00e9 simplesmente imposs\u00edvel de responder. [&hellip;]","og_url":"https:\/\/www.historieta.es\/?page_id=2588","og_site_name":"historieta","article_modified_time":"2026-02-03T09:55:54+00:00","twitter_card":"summary_large_image","schema":{"@context":"https:\/\/schema.org","@graph":[{"@type":"WebPage","@id":"https:\/\/www.historieta.es\/?page_id=2588","url":"https:\/\/www.historieta.es\/?page_id=2588","name":"publicaciones | historieta","isPartOf":{"@id":"https:\/\/www.historieta.es\/#website"},"datePublished":"2023-05-17T07:15:16+00:00","dateModified":"2026-02-03T09:55:54+00:00","breadcrumb":{"@id":"https:\/\/www.historieta.es\/?page_id=2588#breadcrumb"},"inLanguage":"es","potentialAction":[{"@type":"ReadAction","target":["https:\/\/www.historieta.es\/?page_id=2588"]}]},{"@type":"BreadcrumbList","@id":"https:\/\/www.historieta.es\/?page_id=2588#breadcrumb","itemListElement":[{"@type":"ListItem","position":1,"name":"Portada","item":"https:\/\/www.historieta.es\/"},{"@type":"ListItem","position":2,"name":"publicaciones"}]},{"@type":"WebSite","@id":"https:\/\/www.historieta.es\/#website","url":"https:\/\/www.historieta.es\/","name":"historieta","description":"sitio de comic","potentialAction":[{"@type":"SearchAction","target":{"@type":"EntryPoint","urlTemplate":"https:\/\/www.historieta.es\/?s={search_term_string}"},"query-input":{"@type":"PropertyValueSpecification","valueRequired":true,"valueName":"search_term_string"}}],"inLanguage":"es"}]}},"_links":{"self":[{"href":"https:\/\/www.historieta.es\/index.php?rest_route=\/wp\/v2\/pages\/2588","targetHints":{"allow":["GET"]}}],"collection":[{"href":"https:\/\/www.historieta.es\/index.php?rest_route=\/wp\/v2\/pages"}],"about":[{"href":"https:\/\/www.historieta.es\/index.php?rest_route=\/wp\/v2\/types\/page"}],"author":[{"embeddable":true,"href":"https:\/\/www.historieta.es\/index.php?rest_route=\/wp\/v2\/users\/1"}],"replies":[{"embeddable":true,"href":"https:\/\/www.historieta.es\/index.php?rest_route=%2Fwp%2Fv2%2Fcomments&post=2588"}],"version-history":[{"count":24,"href":"https:\/\/www.historieta.es\/index.php?rest_route=\/wp\/v2\/pages\/2588\/revisions"}],"predecessor-version":[{"id":27045,"href":"https:\/\/www.historieta.es\/index.php?rest_route=\/wp\/v2\/pages\/2588\/revisions\/27045"}],"wp:attachment":[{"href":"https:\/\/www.historieta.es\/index.php?rest_route=%2Fwp%2Fv2%2Fmedia&parent=2588"}],"curies":[{"name":"wp","href":"https:\/\/api.w.org\/{rel}","templated":true}]}}