{"id":18631,"date":"2025-01-05T11:19:35","date_gmt":"2025-01-05T11:19:35","guid":{"rendered":"https:\/\/www.historieta.es\/?page_id=18631"},"modified":"2025-02-16T10:36:44","modified_gmt":"2025-02-16T10:36:44","slug":"censurado-2","status":"publish","type":"page","link":"https:\/\/www.historieta.es\/?page_id=18631","title":{"rendered":"Censurado"},"content":{"rendered":"<p>[et_pb_section fb_built=\u00bb1&#8243; _builder_version=\u00bb4.25.0&#8243; _module_preset=\u00bbdefault\u00bb global_colors_info=\u00bb{}\u00bb][et_pb_row _builder_version=\u00bb4.25.0&#8243; _module_preset=\u00bbdefault\u00bb custom_padding=\u00bb1px|||||\u00bb global_colors_info=\u00bb{}\u00bb][et_pb_column type=\u00bb4_4&#8243; _builder_version=\u00bb4.25.0&#8243; _module_preset=\u00bbdefault\u00bb global_colors_info=\u00bb{}\u00bb][et_pb_image src=\u00bbhttps:\/\/www.historieta.es\/wp-content\/uploads\/2025\/01\/Censurado.png\u00bb title_text=\u00bbCensurado\u00bb show_in_lightbox=\u00bbon\u00bb _builder_version=\u00bb4.25.0&#8243; _module_preset=\u00bbdefault\u00bb global_colors_info=\u00bb{}\u00bb][\/et_pb_image][et_pb_text _builder_version=\u00bb4.25.0&#8243; _module_preset=\u00bbdefault\u00bb text_orientation=\u00bbjustified\u00bb global_colors_info=\u00bb{}\u00bb]<\/p>\n<p><strong><span style=\"color: #000000;\">\u00a1TONTOS, QUE SOIS MUY TONTOS!<\/span><\/strong><\/p>\n<p><span style=\"color: #000000;\">Ann Telnaes tiene en sus vitrinas los premios Pulitzer y Reuben por dibujar caricaturas en la prensa. M\u00e1s concretamente lo hace, entre otros medios, en The Washington Post. \u00c9ste prestigioso peri\u00f3dico en el que trabajaron hace mucho, mucho, mucho tiempo Bob Woodward y Carl Bernstein se lo auto-regal\u00f3 Jeff Bezos por 250 millones de d\u00f3lares, dejando as\u00ed de ser un prestigioso peri\u00f3dico progresista y adquiriendo la categor\u00eda de panfleto con p\u00e1tina de independiente.<\/span><\/p>\n<p><span style=\"color: #000000;\">Pero no nos perdamos en divagaciones y volvamos al tema inicial. Resulta que Ann Telnaes entreg\u00f3 la vi\u00f1eta que a continuaci\u00f3n reproducimos y en ella sal\u00eda Jeff Bezos haciendo ofrendas a Trump. Como la vida misma.<\/span><\/p>\n<p>[\/et_pb_text][et_pb_image src=\u00bbhttps:\/\/www.historieta.es\/wp-content\/uploads\/2025\/01\/Ann-Telnaes.png\u00bb title_text=\u00bbAnn-Telnaes\u00bb show_in_lightbox=\u00bbon\u00bb align=\u00bbcenter\u00bb _builder_version=\u00bb4.25.0&#8243; _module_preset=\u00bbdefault\u00bb width=\u00bb60%\u00bb global_colors_info=\u00bb{}\u00bb][\/et_pb_image][et_pb_text _builder_version=\u00bb4.25.0&#8243; _module_preset=\u00bbdefault\u00bb text_orientation=\u00bbjustified\u00bb global_colors_info=\u00bb{}\u00bb]<\/p>\n<p><span style=\"color: #000000;\">Al verla, los directivos del peri\u00f3dico se lo hicieron encima. \u00bfPero qu\u00e9 pasa por tu cabeza de chorlito?, debieron espetarla, paternalistas. \u00bfY qu\u00e9 te ha hecho Mickey\u2026?<\/span><\/p>\n<p><span style=\"color: #000000;\">Por supuesto la censuraron.<\/span><\/p>\n<p><span style=\"color: #000000;\">Y, por supuesto, Ann les mand\u00f3 a fre\u00edr esp\u00e1rragos. Tiene el suficiente prestigio para poder fichar cuando quiera por un medio controlado por Musk, Gates o Murdorch.<\/span><\/p>\n<p><span style=\"color: #000000;\">Y 200.000 suscriptores del tabloide se dieron de baja. A los otros 2,3 millones de suscriptores les import\u00f3 una higa el asunto.<\/span><\/p>\n<p><span style=\"color: #000000;\">Esto, obviamente, tampoco le importa a Bezos, que en 2023 perdi\u00f3 77 millones de d\u00f3lares con el peri\u00f3dico. El capital no compra peri\u00f3dicos para ganar dinero. El motivo es otro. \u00a1A que no se imagina cual!.<\/span><\/p>\n<p><span style=\"color: #000000;\">Pero algo sacamos de bueno. Un chiste que hubieran le\u00eddo 2,5 millones de lectores de The Washington Post lo leen ahora 2.500 millones de personas en todo el mundo.<\/span><\/p>\n<p><span style=\"color: #000000;\">No se puede ser m\u00e1s tonto.<\/span><\/p>\n<p><span style=\"color: #000000;\">Pero esto tampoco le importa a Bezos.<\/span><\/p>\n<p><span style=\"color: #000000;\">A nosotros tampoco. <\/span><\/p>\n<p><span style=\"color: #000000;\">Seguiremos comprando en Amazon. Que, a lo mejor, en Prime nos ponen una serie sobre la honradez de la prensa.<\/span><\/p>\n<p>[\/et_pb_text][et_pb_image src=\u00bbhttps:\/\/www.historieta.es\/wp-content\/uploads\/2025\/01\/Art-y-Sacco.png\u00bb title_text=\u00bbArt-y-Sacco\u00bb show_in_lightbox=\u00bbon\u00bb align=\u00bbcenter\u00bb _builder_version=\u00bb4.25.0&#8243; _module_preset=\u00bbdefault\u00bb width=\u00bb60%\u00bb global_colors_info=\u00bb{}\u00bb][\/et_pb_image][et_pb_text _builder_version=\u00bb4.25.0&#8243; _module_preset=\u00bbdefault\u00bb text_orientation=\u00bbjustified\u00bb hover_enabled=\u00bb0&#8243; global_colors_info=\u00bb{}\u00bb sticky_enabled=\u00bb0&#8243;]<\/p>\n<p><strong><span style=\"color: #000000;\">Coda<\/span><\/strong><\/p>\n<p><span style=\"color: #000000;\">Art Spiegelman gan\u00f3 el Pulitzer con Maus. Todo fueron alabanzas a un libro cr\u00edtico con la barbarie nazi contra los jud\u00edos.<\/span><\/p>\n<p><span style=\"color: #000000;\">Ahora Art ha dibujando una historieta de tres p\u00e1ginas <strong>(ver <a href=\"https:\/\/www.historieta.es\/?page_id=19147\"><span style=\"color: #0000ff;\">#1<\/span><\/a> &#8211; <a href=\"https:\/\/www.historieta.es\/?page_id=19155\"><span style=\"color: #339966;\">#2<\/span><\/a> &#8211; <a href=\"https:\/\/www.historieta.es\/?page_id=19162\"><span style=\"color: #993300;\">#3<\/span><\/a>)<\/strong> junto a Joe Sacco en el que ambos critican la barbarie de Hamas y el genocidio del estado de Israel (la sucursal de los USA en la zona) contra los palestinos. No me gustan los \u201cSpoilers\u201d pero creo que Art y Joe lo van a pasar mal. Y que The Post les va a cantar las cuarenta.<\/span><\/p>\n<p><span style=\"color: #000000;\">Por cierto\u2026\u00bfSe vender\u00e1, el libro que la recopile, en Amazon?.<\/span><\/p>\n<p>[\/et_pb_text][et_pb_text _builder_version=\u00bb4.25.0&#8243; _module_preset=\u00bbdefault\u00bb global_colors_info=\u00bb{}\u00bb]<\/p>\n<p>Jos\u00e9 Pardo &#8211; Madrid &#8211; enero 2025<\/p>\n<p>[\/et_pb_text][\/et_pb_column][\/et_pb_row][\/et_pb_section]<\/p>\n","protected":false},"excerpt":{"rendered":"<p>\u00a1TONTOS, QUE SOIS MUY TONTOS! Ann Telnaes tiene en sus vitrinas los premios Pulitzer y Reuben por dibujar caricaturas en la prensa. M\u00e1s concretamente lo hace, entre otros medios, en The Washington Post. \u00c9ste prestigioso peri\u00f3dico en el que trabajaron hace mucho, mucho, mucho tiempo Bob Woodward y Carl Bernstein se lo auto-regal\u00f3 Jeff Bezos [&hellip;]<\/p>\n","protected":false},"author":1,"featured_media":0,"parent":0,"menu_order":0,"comment_status":"closed","ping_status":"closed","template":"","meta":{"_et_pb_use_builder":"on","_et_pb_old_content":"","_et_gb_content_width":"","_monsterinsights_skip_tracking":false,"_monsterinsights_sitenote_active":false,"_monsterinsights_sitenote_note":"","_monsterinsights_sitenote_category":0,"footnotes":""},"class_list":["post-18631","page","type-page","status-publish","hentry"],"yoast_head":"<!-- This site is optimized with the Yoast SEO plugin v27.2 - https:\/\/yoast.com\/product\/yoast-seo-wordpress\/ -->\n<title>Censurado | historieta<\/title>\n<meta name=\"robots\" content=\"index, follow, max-snippet:-1, max-image-preview:large, max-video-preview:-1\" \/>\n<link rel=\"canonical\" href=\"https:\/\/www.historieta.es\/?page_id=18631\" \/>\n<meta property=\"og:locale\" content=\"es_ES\" \/>\n<meta property=\"og:type\" content=\"article\" \/>\n<meta property=\"og:title\" content=\"Censurado | historieta\" \/>\n<meta property=\"og:description\" content=\"\u00a1TONTOS, QUE SOIS MUY TONTOS! Ann Telnaes tiene en sus vitrinas los premios Pulitzer y Reuben por dibujar caricaturas en la prensa. M\u00e1s concretamente lo hace, entre otros medios, en The Washington Post. \u00c9ste prestigioso peri\u00f3dico en el que trabajaron hace mucho, mucho, mucho tiempo Bob Woodward y Carl Bernstein se lo auto-regal\u00f3 Jeff Bezos [&hellip;]\" \/>\n<meta property=\"og:url\" content=\"https:\/\/www.historieta.es\/?page_id=18631\" \/>\n<meta property=\"og:site_name\" content=\"historieta\" \/>\n<meta property=\"article:modified_time\" content=\"2025-02-16T10:36:44+00:00\" \/>\n<meta name=\"twitter:card\" content=\"summary_large_image\" \/>\n<meta name=\"twitter:label1\" content=\"Tiempo de lectura\" \/>\n\t<meta name=\"twitter:data1\" content=\"3 minutos\" \/>\n<script type=\"application\/ld+json\" class=\"yoast-schema-graph\">{\"@context\":\"https:\/\/schema.org\",\"@graph\":[{\"@type\":\"WebPage\",\"@id\":\"https:\/\/www.historieta.es\/?page_id=18631\",\"url\":\"https:\/\/www.historieta.es\/?page_id=18631\",\"name\":\"Censurado | historieta\",\"isPartOf\":{\"@id\":\"https:\/\/www.historieta.es\/#website\"},\"datePublished\":\"2025-01-05T11:19:35+00:00\",\"dateModified\":\"2025-02-16T10:36:44+00:00\",\"breadcrumb\":{\"@id\":\"https:\/\/www.historieta.es\/?page_id=18631#breadcrumb\"},\"inLanguage\":\"es\",\"potentialAction\":[{\"@type\":\"ReadAction\",\"target\":[\"https:\/\/www.historieta.es\/?page_id=18631\"]}]},{\"@type\":\"BreadcrumbList\",\"@id\":\"https:\/\/www.historieta.es\/?page_id=18631#breadcrumb\",\"itemListElement\":[{\"@type\":\"ListItem\",\"position\":1,\"name\":\"Portada\",\"item\":\"https:\/\/www.historieta.es\/\"},{\"@type\":\"ListItem\",\"position\":2,\"name\":\"Censurado\"}]},{\"@type\":\"WebSite\",\"@id\":\"https:\/\/www.historieta.es\/#website\",\"url\":\"https:\/\/www.historieta.es\/\",\"name\":\"historieta\",\"description\":\"sitio de comic\",\"potentialAction\":[{\"@type\":\"SearchAction\",\"target\":{\"@type\":\"EntryPoint\",\"urlTemplate\":\"https:\/\/www.historieta.es\/?s={search_term_string}\"},\"query-input\":{\"@type\":\"PropertyValueSpecification\",\"valueRequired\":true,\"valueName\":\"search_term_string\"}}],\"inLanguage\":\"es\"}]}<\/script>\n<!-- \/ Yoast SEO plugin. -->","yoast_head_json":{"title":"Censurado | historieta","robots":{"index":"index","follow":"follow","max-snippet":"max-snippet:-1","max-image-preview":"max-image-preview:large","max-video-preview":"max-video-preview:-1"},"canonical":"https:\/\/www.historieta.es\/?page_id=18631","og_locale":"es_ES","og_type":"article","og_title":"Censurado | historieta","og_description":"\u00a1TONTOS, QUE SOIS MUY TONTOS! Ann Telnaes tiene en sus vitrinas los premios Pulitzer y Reuben por dibujar caricaturas en la prensa. M\u00e1s concretamente lo hace, entre otros medios, en The Washington Post. \u00c9ste prestigioso peri\u00f3dico en el que trabajaron hace mucho, mucho, mucho tiempo Bob Woodward y Carl Bernstein se lo auto-regal\u00f3 Jeff Bezos [&hellip;]","og_url":"https:\/\/www.historieta.es\/?page_id=18631","og_site_name":"historieta","article_modified_time":"2025-02-16T10:36:44+00:00","twitter_card":"summary_large_image","twitter_misc":{"Tiempo de lectura":"3 minutos"},"schema":{"@context":"https:\/\/schema.org","@graph":[{"@type":"WebPage","@id":"https:\/\/www.historieta.es\/?page_id=18631","url":"https:\/\/www.historieta.es\/?page_id=18631","name":"Censurado | historieta","isPartOf":{"@id":"https:\/\/www.historieta.es\/#website"},"datePublished":"2025-01-05T11:19:35+00:00","dateModified":"2025-02-16T10:36:44+00:00","breadcrumb":{"@id":"https:\/\/www.historieta.es\/?page_id=18631#breadcrumb"},"inLanguage":"es","potentialAction":[{"@type":"ReadAction","target":["https:\/\/www.historieta.es\/?page_id=18631"]}]},{"@type":"BreadcrumbList","@id":"https:\/\/www.historieta.es\/?page_id=18631#breadcrumb","itemListElement":[{"@type":"ListItem","position":1,"name":"Portada","item":"https:\/\/www.historieta.es\/"},{"@type":"ListItem","position":2,"name":"Censurado"}]},{"@type":"WebSite","@id":"https:\/\/www.historieta.es\/#website","url":"https:\/\/www.historieta.es\/","name":"historieta","description":"sitio de comic","potentialAction":[{"@type":"SearchAction","target":{"@type":"EntryPoint","urlTemplate":"https:\/\/www.historieta.es\/?s={search_term_string}"},"query-input":{"@type":"PropertyValueSpecification","valueRequired":true,"valueName":"search_term_string"}}],"inLanguage":"es"}]}},"_links":{"self":[{"href":"https:\/\/www.historieta.es\/index.php?rest_route=\/wp\/v2\/pages\/18631","targetHints":{"allow":["GET"]}}],"collection":[{"href":"https:\/\/www.historieta.es\/index.php?rest_route=\/wp\/v2\/pages"}],"about":[{"href":"https:\/\/www.historieta.es\/index.php?rest_route=\/wp\/v2\/types\/page"}],"author":[{"embeddable":true,"href":"https:\/\/www.historieta.es\/index.php?rest_route=\/wp\/v2\/users\/1"}],"replies":[{"embeddable":true,"href":"https:\/\/www.historieta.es\/index.php?rest_route=%2Fwp%2Fv2%2Fcomments&post=18631"}],"version-history":[{"count":13,"href":"https:\/\/www.historieta.es\/index.php?rest_route=\/wp\/v2\/pages\/18631\/revisions"}],"predecessor-version":[{"id":19173,"href":"https:\/\/www.historieta.es\/index.php?rest_route=\/wp\/v2\/pages\/18631\/revisions\/19173"}],"wp:attachment":[{"href":"https:\/\/www.historieta.es\/index.php?rest_route=%2Fwp%2Fv2%2Fmedia&parent=18631"}],"curies":[{"name":"wp","href":"https:\/\/api.w.org\/{rel}","templated":true}]}}