{"id":18581,"date":"2025-01-03T10:05:03","date_gmt":"2025-01-03T10:05:03","guid":{"rendered":"https:\/\/www.historieta.es\/?page_id=18581"},"modified":"2025-01-04T07:51:03","modified_gmt":"2025-01-04T07:51:03","slug":"1975-2025","status":"publish","type":"page","link":"https:\/\/www.historieta.es\/?page_id=18581","title":{"rendered":"1975 &#8211; 2025"},"content":{"rendered":"<p>[et_pb_section fb_built=\u00bb1&#8243; _builder_version=\u00bb4.25.0&#8243; _module_preset=\u00bbdefault\u00bb global_colors_info=\u00bb{}\u00bb][et_pb_row _builder_version=\u00bb4.25.0&#8243; _module_preset=\u00bbdefault\u00bb custom_padding=\u00bb1px|||||\u00bb global_colors_info=\u00bb{}\u00bb][et_pb_column type=\u00bb4_4&#8243; _builder_version=\u00bb4.25.0&#8243; _module_preset=\u00bbdefault\u00bb global_colors_info=\u00bb{}\u00bb][et_pb_image src=\u00bbhttps:\/\/www.historieta.es\/wp-content\/uploads\/2025\/01\/Hace-50-anos-1.png\u00bb title_text=\u00bbHace-50-an\u0303os\u00bb show_in_lightbox=\u00bbon\u00bb _builder_version=\u00bb4.25.0&#8243; _module_preset=\u00bbdefault\u00bb hover_enabled=\u00bb0&#8243; global_colors_info=\u00bb{}\u00bb sticky_enabled=\u00bb0&#8243;][\/et_pb_image][et_pb_text _builder_version=\u00bb4.25.0&#8243; _module_preset=\u00bbdefault\u00bb text_font_size=\u00bb53px\u00bb text_orientation=\u00bbcenter\u00bb hover_enabled=\u00bb0&#8243; global_colors_info=\u00bb{}\u00bb sticky_enabled=\u00bb0&#8243;]<\/p>\n<h1><strong><span style=\"color: #993300;\">1975 &#8211; 2025 \/ NOS UNIMOS A LA FIESTA<\/span><br \/><\/strong><\/h1>\n<p>[\/et_pb_text][et_pb_text _builder_version=\u00bb4.25.0&#8243; _module_preset=\u00bbdefault\u00bb text_orientation=\u00bbjustified\u00bb global_colors_info=\u00bb{}\u00bb]<\/p>\n<p><strong><span style=\"color: #808000;\">Hace 50 a\u00f1os que muri\u00f3 un dictador militar. \u00c9ste, en concreto, se llamaba Franco.<br \/><\/span><\/strong><\/p>\n<p><span style=\"color: #808000;\">Nos unimos a los fastos conmemorativos del feliz acontecimiento recordando que hace 85 a\u00f1os orden\u00f3 asesinar a un periodista y a un dibujante. Mand\u00f3 matar a Vicent Miguel Carceller y a Carlos G\u00f3mez Carrera \u201cBluff\u201d. Evidentemente no le gustaron las im\u00e1genes que acompa\u00f1an a este texto, de Bluff y Carnicero. A este \u00faltimo le cayeron 30 a\u00f1os. \u00a1\u00a1Qu\u00e9 poco sentido del humor!!<\/span><\/p>\n<p>[\/et_pb_text][et_pb_image src=\u00bbhttps:\/\/www.historieta.es\/wp-content\/uploads\/2025\/01\/Franco-tira-1-1.png\u00bb title_text=\u00bbFranco-tira-1&#8243; show_in_lightbox=\u00bbon\u00bb align=\u00bbcenter\u00bb _builder_version=\u00bb4.25.0&#8243; _module_preset=\u00bbdefault\u00bb width=\u00bb60%\u00bb global_colors_info=\u00bb{}\u00bb][\/et_pb_image][et_pb_image src=\u00bbhttps:\/\/www.historieta.es\/wp-content\/uploads\/2025\/01\/Franco-tira-2.png\u00bb title_text=\u00bbFranco-tira-2&#8243; show_in_lightbox=\u00bbon\u00bb align=\u00bbcenter\u00bb _builder_version=\u00bb4.25.0&#8243; _module_preset=\u00bbdefault\u00bb width=\u00bb60%\u00bb global_colors_info=\u00bb{}\u00bb][\/et_pb_image][et_pb_text _builder_version=\u00bb4.25.0&#8243; _module_preset=\u00bbdefault\u00bb text_orientation=\u00bbjustified\u00bb global_colors_info=\u00bb{}\u00bb]<\/p>\n<p><span style=\"color: #808000;\">Antes de matarlos los torturaron para saber quien era el que, en La Traca, firmaba como Marqu\u00e9s de Sade, con la intenci\u00f3n de fusilarlo tambi\u00e9n. Se trataba de Enrique Perteg\u00e1s, que salv\u00f3 la vida gracias al silencio de sus compa\u00f1eros y que pudo continuar dibujando para, entre otros, Editorial Valenciana, donde cre\u00f3 \u00abSilac\u00bb el Hombre Le\u00f3n. Ocho cuadernillos de alt\u00edsima calidad gr\u00e1fica. Quiz\u00e1 por eso no funcion\u00f3. El populacho esteta prefer\u00eda los dibujos de Va\u00f1\u00f3 y Gago.<\/span><\/p>\n<p>[\/et_pb_text][et_pb_image src=\u00bbhttps:\/\/www.historieta.es\/wp-content\/uploads\/2025\/01\/Silac-1945-8.jpg\u00bb title_text=\u00bbSilac 1945 #8&#8243; show_in_lightbox=\u00bbon\u00bb align=\u00bbcenter\u00bb _builder_version=\u00bb4.25.0&#8243; _module_preset=\u00bbdefault\u00bb width=\u00bb60%\u00bb global_colors_info=\u00bb{}\u00bb][\/et_pb_image][et_pb_text _builder_version=\u00bb4.25.0&#8243; _module_preset=\u00bbdefault\u00bb text_orientation=\u00bbjustified\u00bb global_colors_info=\u00bb{}\u00bb]<\/p>\n<p><span style=\"color: #808000;\">50 a\u00f1os para recordar que cuando hay democracia los conservadores viven bien y cuando hay dictadura los progresistas mueren mal.<\/span><\/p>\n<p><span style=\"color: #808000;\">A lo largo del a\u00f1o seguiremos recordando la dictadura militar y sus consecuencias.<\/span><\/p>\n<p><strong>Continuar\u00e1\u2026<\/strong><\/p>\n<p>[\/et_pb_text][et_pb_text _builder_version=\u00bb4.25.0&#8243; _module_preset=\u00bbdefault\u00bb global_colors_info=\u00bb{}\u00bb]<\/p>\n<p>Jes\u00fas Guti\u00e9rrez &#8211; Santander &#8211; enero 2025<\/p>\n<p>[\/et_pb_text][\/et_pb_column][\/et_pb_row][\/et_pb_section]<\/p>\n","protected":false},"excerpt":{"rendered":"<p>1975 &#8211; 2025 \/ NOS UNIMOS A LA FIESTAHace 50 a\u00f1os que muri\u00f3 un dictador militar. \u00c9ste, en concreto, se llamaba Franco. Nos unimos a los fastos conmemorativos del feliz acontecimiento recordando que hace 85 a\u00f1os orden\u00f3 asesinar a un periodista y a un dibujante. Mand\u00f3 matar a Vicent Miguel Carceller y a Carlos G\u00f3mez [&hellip;]<\/p>\n","protected":false},"author":1,"featured_media":0,"parent":0,"menu_order":0,"comment_status":"closed","ping_status":"closed","template":"","meta":{"_et_pb_use_builder":"on","_et_pb_old_content":"","_et_gb_content_width":"","_monsterinsights_skip_tracking":false,"_monsterinsights_sitenote_active":false,"_monsterinsights_sitenote_note":"","_monsterinsights_sitenote_category":0,"footnotes":""},"class_list":["post-18581","page","type-page","status-publish","hentry"],"yoast_head":"<!-- This site is optimized with the Yoast SEO plugin v27.2 - https:\/\/yoast.com\/product\/yoast-seo-wordpress\/ -->\n<title>1975 - 2025 | historieta<\/title>\n<meta name=\"robots\" content=\"index, follow, max-snippet:-1, max-image-preview:large, max-video-preview:-1\" \/>\n<link rel=\"canonical\" href=\"https:\/\/www.historieta.es\/?page_id=18581\" \/>\n<meta property=\"og:locale\" content=\"es_ES\" \/>\n<meta property=\"og:type\" content=\"article\" \/>\n<meta property=\"og:title\" content=\"1975 - 2025 | historieta\" \/>\n<meta property=\"og:description\" content=\"1975 - 2025 \/ NOS UNIMOS A LA FIESTAHace 50 a\u00f1os que muri\u00f3 un dictador militar. \u00c9ste, en concreto, se llamaba Franco. Nos unimos a los fastos conmemorativos del feliz acontecimiento recordando que hace 85 a\u00f1os orden\u00f3 asesinar a un periodista y a un dibujante. Mand\u00f3 matar a Vicent Miguel Carceller y a Carlos G\u00f3mez [&hellip;]\" \/>\n<meta property=\"og:url\" content=\"https:\/\/www.historieta.es\/?page_id=18581\" \/>\n<meta property=\"og:site_name\" content=\"historieta\" \/>\n<meta property=\"article:modified_time\" content=\"2025-01-04T07:51:03+00:00\" \/>\n<meta name=\"twitter:card\" content=\"summary_large_image\" \/>\n<meta name=\"twitter:label1\" content=\"Tiempo de lectura\" \/>\n\t<meta name=\"twitter:data1\" content=\"2 minutos\" \/>\n<script type=\"application\/ld+json\" class=\"yoast-schema-graph\">{\"@context\":\"https:\/\/schema.org\",\"@graph\":[{\"@type\":\"WebPage\",\"@id\":\"https:\/\/www.historieta.es\/?page_id=18581\",\"url\":\"https:\/\/www.historieta.es\/?page_id=18581\",\"name\":\"1975 - 2025 | historieta\",\"isPartOf\":{\"@id\":\"https:\/\/www.historieta.es\/#website\"},\"datePublished\":\"2025-01-03T10:05:03+00:00\",\"dateModified\":\"2025-01-04T07:51:03+00:00\",\"breadcrumb\":{\"@id\":\"https:\/\/www.historieta.es\/?page_id=18581#breadcrumb\"},\"inLanguage\":\"es\",\"potentialAction\":[{\"@type\":\"ReadAction\",\"target\":[\"https:\/\/www.historieta.es\/?page_id=18581\"]}]},{\"@type\":\"BreadcrumbList\",\"@id\":\"https:\/\/www.historieta.es\/?page_id=18581#breadcrumb\",\"itemListElement\":[{\"@type\":\"ListItem\",\"position\":1,\"name\":\"Portada\",\"item\":\"https:\/\/www.historieta.es\/\"},{\"@type\":\"ListItem\",\"position\":2,\"name\":\"1975 &#8211; 2025\"}]},{\"@type\":\"WebSite\",\"@id\":\"https:\/\/www.historieta.es\/#website\",\"url\":\"https:\/\/www.historieta.es\/\",\"name\":\"historieta\",\"description\":\"sitio de comic\",\"potentialAction\":[{\"@type\":\"SearchAction\",\"target\":{\"@type\":\"EntryPoint\",\"urlTemplate\":\"https:\/\/www.historieta.es\/?s={search_term_string}\"},\"query-input\":{\"@type\":\"PropertyValueSpecification\",\"valueRequired\":true,\"valueName\":\"search_term_string\"}}],\"inLanguage\":\"es\"}]}<\/script>\n<!-- \/ Yoast SEO plugin. -->","yoast_head_json":{"title":"1975 - 2025 | historieta","robots":{"index":"index","follow":"follow","max-snippet":"max-snippet:-1","max-image-preview":"max-image-preview:large","max-video-preview":"max-video-preview:-1"},"canonical":"https:\/\/www.historieta.es\/?page_id=18581","og_locale":"es_ES","og_type":"article","og_title":"1975 - 2025 | historieta","og_description":"1975 - 2025 \/ NOS UNIMOS A LA FIESTAHace 50 a\u00f1os que muri\u00f3 un dictador militar. \u00c9ste, en concreto, se llamaba Franco. Nos unimos a los fastos conmemorativos del feliz acontecimiento recordando que hace 85 a\u00f1os orden\u00f3 asesinar a un periodista y a un dibujante. Mand\u00f3 matar a Vicent Miguel Carceller y a Carlos G\u00f3mez [&hellip;]","og_url":"https:\/\/www.historieta.es\/?page_id=18581","og_site_name":"historieta","article_modified_time":"2025-01-04T07:51:03+00:00","twitter_card":"summary_large_image","twitter_misc":{"Tiempo de lectura":"2 minutos"},"schema":{"@context":"https:\/\/schema.org","@graph":[{"@type":"WebPage","@id":"https:\/\/www.historieta.es\/?page_id=18581","url":"https:\/\/www.historieta.es\/?page_id=18581","name":"1975 - 2025 | historieta","isPartOf":{"@id":"https:\/\/www.historieta.es\/#website"},"datePublished":"2025-01-03T10:05:03+00:00","dateModified":"2025-01-04T07:51:03+00:00","breadcrumb":{"@id":"https:\/\/www.historieta.es\/?page_id=18581#breadcrumb"},"inLanguage":"es","potentialAction":[{"@type":"ReadAction","target":["https:\/\/www.historieta.es\/?page_id=18581"]}]},{"@type":"BreadcrumbList","@id":"https:\/\/www.historieta.es\/?page_id=18581#breadcrumb","itemListElement":[{"@type":"ListItem","position":1,"name":"Portada","item":"https:\/\/www.historieta.es\/"},{"@type":"ListItem","position":2,"name":"1975 &#8211; 2025"}]},{"@type":"WebSite","@id":"https:\/\/www.historieta.es\/#website","url":"https:\/\/www.historieta.es\/","name":"historieta","description":"sitio de comic","potentialAction":[{"@type":"SearchAction","target":{"@type":"EntryPoint","urlTemplate":"https:\/\/www.historieta.es\/?s={search_term_string}"},"query-input":{"@type":"PropertyValueSpecification","valueRequired":true,"valueName":"search_term_string"}}],"inLanguage":"es"}]}},"_links":{"self":[{"href":"https:\/\/www.historieta.es\/index.php?rest_route=\/wp\/v2\/pages\/18581","targetHints":{"allow":["GET"]}}],"collection":[{"href":"https:\/\/www.historieta.es\/index.php?rest_route=\/wp\/v2\/pages"}],"about":[{"href":"https:\/\/www.historieta.es\/index.php?rest_route=\/wp\/v2\/types\/page"}],"author":[{"embeddable":true,"href":"https:\/\/www.historieta.es\/index.php?rest_route=\/wp\/v2\/users\/1"}],"replies":[{"embeddable":true,"href":"https:\/\/www.historieta.es\/index.php?rest_route=%2Fwp%2Fv2%2Fcomments&post=18581"}],"version-history":[{"count":15,"href":"https:\/\/www.historieta.es\/index.php?rest_route=\/wp\/v2\/pages\/18581\/revisions"}],"predecessor-version":[{"id":18623,"href":"https:\/\/www.historieta.es\/index.php?rest_route=\/wp\/v2\/pages\/18581\/revisions\/18623"}],"wp:attachment":[{"href":"https:\/\/www.historieta.es\/index.php?rest_route=%2Fwp%2Fv2%2Fmedia&parent=18581"}],"curies":[{"name":"wp","href":"https:\/\/api.w.org\/{rel}","templated":true}]}}