{"id":1604,"date":"2023-05-04T07:46:14","date_gmt":"2023-05-04T07:46:14","guid":{"rendered":"https:\/\/www.historieta.es\/?page_id=1604"},"modified":"2025-09-29T09:03:15","modified_gmt":"2025-09-29T09:03:15","slug":"discos","status":"publish","type":"page","link":"https:\/\/www.historieta.es\/?page_id=1604","title":{"rendered":"te\u00f3ricos"},"content":{"rendered":"<p>[et_pb_section fb_built=\u00bb1&#8243; _builder_version=\u00bb4.20.2&#8243; _module_preset=\u00bbdefault\u00bb custom_padding=\u00bb34px|||||\u00bb global_colors_info=\u00bb{}\u00bb][et_pb_row column_structure=\u00bb1_6,1_6,1_6,1_6,1_6,1_6&#8243; _builder_version=\u00bb4.20.2&#8243; _module_preset=\u00bbdefault\u00bb custom_margin=\u00bb-12px|auto||auto||\u00bb custom_padding=\u00bb4px|||||\u00bb global_colors_info=\u00bb{}\u00bb][et_pb_column type=\u00bb1_6&#8243; _builder_version=\u00bb4.20.2&#8243; _module_preset=\u00bbdefault\u00bb global_colors_info=\u00bb{}\u00bb][et_pb_image src=\u00bbhttps:\/\/www.historieta.es\/wp-content\/uploads\/2023\/06\/teoricos-color2.jpg\u00bb title_text=\u00bbteoricos-color2&#8243; _builder_version=\u00bb4.20.2&#8243; _module_preset=\u00bbdefault\u00bb global_colors_info=\u00bb{}\u00bb][\/et_pb_image][\/et_pb_column][et_pb_column type=\u00bb1_6&#8243; _builder_version=\u00bb4.20.2&#8243; _module_preset=\u00bbdefault\u00bb global_colors_info=\u00bb{}\u00bb][\/et_pb_column][et_pb_column type=\u00bb1_6&#8243; _builder_version=\u00bb4.20.2&#8243; _module_preset=\u00bbdefault\u00bb global_colors_info=\u00bb{}\u00bb][\/et_pb_column][et_pb_column type=\u00bb1_6&#8243; _builder_version=\u00bb4.20.2&#8243; _module_preset=\u00bbdefault\u00bb global_colors_info=\u00bb{}\u00bb][\/et_pb_column][et_pb_column type=\u00bb1_6&#8243; _builder_version=\u00bb4.20.2&#8243; _module_preset=\u00bbdefault\u00bb global_colors_info=\u00bb{}\u00bb][\/et_pb_column][et_pb_column type=\u00bb1_6&#8243; _builder_version=\u00bb4.20.2&#8243; _module_preset=\u00bbdefault\u00bb global_colors_info=\u00bb{}\u00bb][\/et_pb_column][\/et_pb_row][et_pb_row _builder_version=\u00bb4.25.0&#8243; _module_preset=\u00bbdefault\u00bb custom_margin=\u00bb-17px|auto||auto||\u00bb global_colors_info=\u00bb{}\u00bb][et_pb_column type=\u00bb4_4&#8243; _builder_version=\u00bb4.25.0&#8243; _module_preset=\u00bbdefault\u00bb global_colors_info=\u00bb{}\u00bb][et_pb_text _builder_version=\u00bb4.25.0&#8243; _module_preset=\u00bbdefault\u00bb custom_margin=\u00bb-17px||-69px|||\u00bb hover_enabled=\u00bb0&#8243; global_colors_info=\u00bb{}\u00bb text_font_size=\u00bb12px\u00bb sticky_enabled=\u00bb0&#8243;]<\/p>\n<p><strong>La historieta espa\u00f1ola sali\u00f3 del <em>gueto<\/em> infantiloide en el que se encontraba al finalizar la dictadura gracias a la labor de los historiadores. Se llamaban Luis Gasca, Antonio Mart\u00edn, Jes\u00fas Cuadrado, Rom\u00e1n Gubern, Javier Coma y un largo etc. Ellos crearon los fanzines te\u00f3ricos, prozines, revistas y boletines que rese\u00f1amos en esta secci\u00f3n. &#8211; <span style=\"color: #999999;\">O quadrinho espanhol saiu do gueto infantil em que se encontrava no final da ditadura gra\u00e7as ao trabalho dos historiadores. Seus nomes eram Luis Gasca, Antonio Mart\u00edn, Jes\u00fas Cuadrado, Rom\u00e1n Gubern, Javier Coma e uma longa lista de outros. Eles criaram os fanzines, prozines, revistas e boletins informativos te\u00f3ricos que analisamos nesta se\u00e7\u00e3o.<\/span><\/strong><\/p>\n<pre class=\"tw-data-text tw-text-large tw-ta\" data-placeholder=\"Traducci\u00f3n\" id=\"tw-target-text\" style=\"text-align: left;\" data-ved=\"2ahUKEwj2spzhu_mIAxXq0wIHHXUBGPAQ3ewLegQICBAT\" dir=\"ltr\"><span class=\"Y2IQFc\" lang=\"pt\">\u00a0<\/span><\/pre>\n<p>[\/et_pb_text][\/et_pb_column][\/et_pb_row][et_pb_row _builder_version=\u00bb4.20.2&#8243; _module_preset=\u00bbdefault\u00bb custom_padding=\u00bb1px|||||\u00bb global_colors_info=\u00bb{}\u00bb][et_pb_column type=\u00bb4_4&#8243; _builder_version=\u00bb4.20.2&#8243; _module_preset=\u00bbdefault\u00bb global_colors_info=\u00bb{}\u00bb][et_pb_shop type=\u00bbproduct_category\u00bb posts_number=\u00bb40&#8243; show_pagination=\u00bbon\u00bb include_categories=\u00bb19&#8243; columns_number=\u00bb4&#8243; orderby=\u00bbmenu_order\u00bb icon_hover_color=\u00bb#FFFFFF\u00bb hover_overlay_color=\u00bbRGBA(255,255,255,0)\u00bb hover_icon=\u00bb&#x76;||divi||400&#8243; show_price=\u00bboff\u00bb show_rating=\u00bboff\u00bb show_sale_badge=\u00bboff\u00bb _builder_version=\u00bb4.20.2&#8243; _module_preset=\u00bbdefault\u00bb title_font=\u00bb|700|||||||\u00bb title_text_align=\u00bbcenter\u00bb title_text_color=\u00bb#0C71C3&#8243; title_font_size=\u00bb10px\u00bb box_shadow_style_image=\u00bbpreset1&#8243; global_colors_info=\u00bb{}\u00bb][\/et_pb_shop][\/et_pb_column][\/et_pb_row][\/et_pb_section]<\/p>\n","protected":false},"excerpt":{"rendered":"<p>La historieta espa\u00f1ola sali\u00f3 del gueto infantiloide en el que se encontraba al finalizar la dictadura gracias a la labor de los historiadores. Se llamaban Luis Gasca, Antonio Mart\u00edn, Jes\u00fas Cuadrado, Rom\u00e1n Gubern, Javier Coma y un largo etc. Ellos crearon los fanzines te\u00f3ricos, prozines, revistas y boletines que rese\u00f1amos en esta secci\u00f3n. &#8211; O [&hellip;]<\/p>\n","protected":false},"author":1,"featured_media":0,"parent":0,"menu_order":0,"comment_status":"closed","ping_status":"closed","template":"","meta":{"_et_pb_use_builder":"on","_et_pb_old_content":"","_et_gb_content_width":"","_monsterinsights_skip_tracking":false,"_monsterinsights_sitenote_active":false,"_monsterinsights_sitenote_note":"","_monsterinsights_sitenote_category":0,"footnotes":""},"class_list":["post-1604","page","type-page","status-publish","hentry"],"yoast_head":"<!-- This site is optimized with the Yoast SEO plugin v27.2 - https:\/\/yoast.com\/product\/yoast-seo-wordpress\/ -->\n<title>te\u00f3ricos | historieta<\/title>\n<meta name=\"robots\" content=\"index, follow, max-snippet:-1, max-image-preview:large, max-video-preview:-1\" \/>\n<link rel=\"canonical\" href=\"https:\/\/www.historieta.es\/?page_id=1604\" \/>\n<meta property=\"og:locale\" content=\"es_ES\" \/>\n<meta property=\"og:type\" content=\"article\" \/>\n<meta property=\"og:title\" content=\"te\u00f3ricos | historieta\" \/>\n<meta property=\"og:description\" content=\"La historieta espa\u00f1ola sali\u00f3 del gueto infantiloide en el que se encontraba al finalizar la dictadura gracias a la labor de los historiadores. Se llamaban Luis Gasca, Antonio Mart\u00edn, Jes\u00fas Cuadrado, Rom\u00e1n Gubern, Javier Coma y un largo etc. Ellos crearon los fanzines te\u00f3ricos, prozines, revistas y boletines que rese\u00f1amos en esta secci\u00f3n. - O [&hellip;]\" \/>\n<meta property=\"og:url\" content=\"https:\/\/www.historieta.es\/?page_id=1604\" \/>\n<meta property=\"og:site_name\" content=\"historieta\" \/>\n<meta property=\"article:modified_time\" content=\"2025-09-29T09:03:15+00:00\" \/>\n<meta name=\"twitter:card\" content=\"summary_large_image\" \/>\n<meta name=\"twitter:label1\" content=\"Tiempo de lectura\" \/>\n\t<meta name=\"twitter:data1\" content=\"1 minuto\" \/>\n<script type=\"application\/ld+json\" class=\"yoast-schema-graph\">{\"@context\":\"https:\/\/schema.org\",\"@graph\":[{\"@type\":\"WebPage\",\"@id\":\"https:\/\/www.historieta.es\/?page_id=1604\",\"url\":\"https:\/\/www.historieta.es\/?page_id=1604\",\"name\":\"te\u00f3ricos | historieta\",\"isPartOf\":{\"@id\":\"https:\/\/www.historieta.es\/#website\"},\"datePublished\":\"2023-05-04T07:46:14+00:00\",\"dateModified\":\"2025-09-29T09:03:15+00:00\",\"breadcrumb\":{\"@id\":\"https:\/\/www.historieta.es\/?page_id=1604#breadcrumb\"},\"inLanguage\":\"es\",\"potentialAction\":[{\"@type\":\"ReadAction\",\"target\":[\"https:\/\/www.historieta.es\/?page_id=1604\"]}]},{\"@type\":\"BreadcrumbList\",\"@id\":\"https:\/\/www.historieta.es\/?page_id=1604#breadcrumb\",\"itemListElement\":[{\"@type\":\"ListItem\",\"position\":1,\"name\":\"Portada\",\"item\":\"https:\/\/www.historieta.es\/\"},{\"@type\":\"ListItem\",\"position\":2,\"name\":\"te\u00f3ricos\"}]},{\"@type\":\"WebSite\",\"@id\":\"https:\/\/www.historieta.es\/#website\",\"url\":\"https:\/\/www.historieta.es\/\",\"name\":\"historieta\",\"description\":\"sitio de comic\",\"potentialAction\":[{\"@type\":\"SearchAction\",\"target\":{\"@type\":\"EntryPoint\",\"urlTemplate\":\"https:\/\/www.historieta.es\/?s={search_term_string}\"},\"query-input\":{\"@type\":\"PropertyValueSpecification\",\"valueRequired\":true,\"valueName\":\"search_term_string\"}}],\"inLanguage\":\"es\"}]}<\/script>\n<!-- \/ Yoast SEO plugin. -->","yoast_head_json":{"title":"te\u00f3ricos | historieta","robots":{"index":"index","follow":"follow","max-snippet":"max-snippet:-1","max-image-preview":"max-image-preview:large","max-video-preview":"max-video-preview:-1"},"canonical":"https:\/\/www.historieta.es\/?page_id=1604","og_locale":"es_ES","og_type":"article","og_title":"te\u00f3ricos | historieta","og_description":"La historieta espa\u00f1ola sali\u00f3 del gueto infantiloide en el que se encontraba al finalizar la dictadura gracias a la labor de los historiadores. Se llamaban Luis Gasca, Antonio Mart\u00edn, Jes\u00fas Cuadrado, Rom\u00e1n Gubern, Javier Coma y un largo etc. Ellos crearon los fanzines te\u00f3ricos, prozines, revistas y boletines que rese\u00f1amos en esta secci\u00f3n. - O [&hellip;]","og_url":"https:\/\/www.historieta.es\/?page_id=1604","og_site_name":"historieta","article_modified_time":"2025-09-29T09:03:15+00:00","twitter_card":"summary_large_image","twitter_misc":{"Tiempo de lectura":"1 minuto"},"schema":{"@context":"https:\/\/schema.org","@graph":[{"@type":"WebPage","@id":"https:\/\/www.historieta.es\/?page_id=1604","url":"https:\/\/www.historieta.es\/?page_id=1604","name":"te\u00f3ricos | historieta","isPartOf":{"@id":"https:\/\/www.historieta.es\/#website"},"datePublished":"2023-05-04T07:46:14+00:00","dateModified":"2025-09-29T09:03:15+00:00","breadcrumb":{"@id":"https:\/\/www.historieta.es\/?page_id=1604#breadcrumb"},"inLanguage":"es","potentialAction":[{"@type":"ReadAction","target":["https:\/\/www.historieta.es\/?page_id=1604"]}]},{"@type":"BreadcrumbList","@id":"https:\/\/www.historieta.es\/?page_id=1604#breadcrumb","itemListElement":[{"@type":"ListItem","position":1,"name":"Portada","item":"https:\/\/www.historieta.es\/"},{"@type":"ListItem","position":2,"name":"te\u00f3ricos"}]},{"@type":"WebSite","@id":"https:\/\/www.historieta.es\/#website","url":"https:\/\/www.historieta.es\/","name":"historieta","description":"sitio de comic","potentialAction":[{"@type":"SearchAction","target":{"@type":"EntryPoint","urlTemplate":"https:\/\/www.historieta.es\/?s={search_term_string}"},"query-input":{"@type":"PropertyValueSpecification","valueRequired":true,"valueName":"search_term_string"}}],"inLanguage":"es"}]}},"_links":{"self":[{"href":"https:\/\/www.historieta.es\/index.php?rest_route=\/wp\/v2\/pages\/1604","targetHints":{"allow":["GET"]}}],"collection":[{"href":"https:\/\/www.historieta.es\/index.php?rest_route=\/wp\/v2\/pages"}],"about":[{"href":"https:\/\/www.historieta.es\/index.php?rest_route=\/wp\/v2\/types\/page"}],"author":[{"embeddable":true,"href":"https:\/\/www.historieta.es\/index.php?rest_route=\/wp\/v2\/users\/1"}],"replies":[{"embeddable":true,"href":"https:\/\/www.historieta.es\/index.php?rest_route=%2Fwp%2Fv2%2Fcomments&post=1604"}],"version-history":[{"count":24,"href":"https:\/\/www.historieta.es\/index.php?rest_route=\/wp\/v2\/pages\/1604\/revisions"}],"predecessor-version":[{"id":23714,"href":"https:\/\/www.historieta.es\/index.php?rest_route=\/wp\/v2\/pages\/1604\/revisions\/23714"}],"wp:attachment":[{"href":"https:\/\/www.historieta.es\/index.php?rest_route=%2Fwp%2Fv2%2Fmedia&parent=1604"}],"curies":[{"name":"wp","href":"https:\/\/api.w.org\/{rel}","templated":true}]}}