{"id":11729,"date":"2024-05-03T07:55:44","date_gmt":"2024-05-03T07:55:44","guid":{"rendered":"https:\/\/www.historieta.es\/?page_id=11729"},"modified":"2024-05-03T07:55:51","modified_gmt":"2024-05-03T07:55:51","slug":"tema-guion","status":"publish","type":"page","link":"https:\/\/www.historieta.es\/?page_id=11729","title":{"rendered":"tema-guion"},"content":{"rendered":"<p>[et_pb_section fb_built=\u00bb1&#8243; _builder_version=\u00bb4.24.3&#8243; _module_preset=\u00bbdefault\u00bb vertical_offset_tablet=\u00bb0&#8243; horizontal_offset_tablet=\u00bb0&#8243; custom_padding=\u00bb27px|||||\u00bb box_shadow_horizontal_tablet=\u00bb0px\u00bb box_shadow_vertical_tablet=\u00bb0px\u00bb box_shadow_blur_tablet=\u00bb40px\u00bb box_shadow_spread_tablet=\u00bb0px\u00bb global_colors_info=\u00bb{}\u00bb theme_builder_area=\u00bbpost_content\u00bb][et_pb_row column_structure=\u00bb1_3,1_3,1_3&#8243; _builder_version=\u00bb4.25.0&#8243; _module_preset=\u00bbdefault\u00bb custom_margin=\u00bb-19px|auto||auto||\u00bb hover_enabled=\u00bb0&#8243; global_colors_info=\u00bb{}\u00bb theme_builder_area=\u00bbpost_content\u00bb sticky_enabled=\u00bb0&#8243;][et_pb_column type=\u00bb1_3&#8243; _builder_version=\u00bb4.20.2&#8243; _module_preset=\u00bbdefault\u00bb global_colors_info=\u00bb{}\u00bb theme_builder_area=\u00bbpost_content\u00bb][et_pb_image src=\u00bbhttps:\/\/www.historieta.es\/wp-content\/uploads\/2024\/05\/libros-temas.png\u00bb title_text=\u00bblibros-temas\u00bb _builder_version=\u00bb4.25.0&#8243; _module_preset=\u00bbdefault\u00bb hover_enabled=\u00bb0&#8243; global_colors_info=\u00bb{}\u00bb theme_builder_area=\u00bbpost_content\u00bb width=\u00bb50%\u00bb sticky_enabled=\u00bb0&#8243;][\/et_pb_image][\/et_pb_column][et_pb_column type=\u00bb1_3&#8243; _builder_version=\u00bb4.20.2&#8243; _module_preset=\u00bbdefault\u00bb global_colors_info=\u00bb{}\u00bb theme_builder_area=\u00bbpost_content\u00bb][\/et_pb_column][et_pb_column type=\u00bb1_3&#8243; _builder_version=\u00bb4.20.2&#8243; _module_preset=\u00bbdefault\u00bb global_colors_info=\u00bb{}\u00bb theme_builder_area=\u00bbpost_content\u00bb][\/et_pb_column][\/et_pb_row][et_pb_row _builder_version=\u00bb4.20.2&#8243; _module_preset=\u00bbdefault\u00bb custom_margin=\u00bb-19px|auto||auto||\u00bb global_colors_info=\u00bb{}\u00bb theme_builder_area=\u00bbpost_content\u00bb custom_padding=\u00bb||0px|||\u00bb][et_pb_column type=\u00bb4_4&#8243; _builder_version=\u00bb4.20.2&#8243; _module_preset=\u00bbdefault\u00bb global_colors_info=\u00bb{}\u00bb theme_builder_area=\u00bbpost_content\u00bb][et_pb_text _builder_version=\u00bb4.25.0&#8243; _module_preset=\u00bbdefault\u00bb text_font_size=\u00bb15px\u00bb hover_enabled=\u00bb0&#8243; global_colors_info=\u00bb{}\u00bb theme_builder_area=\u00bbpost_content\u00bb text_font=\u00bb|700|||||||\u00bb text_orientation=\u00bbjustified\u00bb sticky_enabled=\u00bb0&#8243;]<\/p>\n<p><span style=\"color: #003366;\">Unos dir\u00e1n que el guion es la parte esencial de una historieta. El autor del chiste nos dice que antes est\u00e1 el destello de genialidad y luego su plasmaci\u00f3n en dibujo. Otros, en cambio, consideran que lo fundamental del c\u00f3mic, como arte, es la parte pict\u00f3rica. Ambas ideas nunca se pondr\u00e1n de acuerdo. Pero reservaremos este espacio a la bibliograf\u00eda relativa al guion en la vi\u00f1eta c\u00f3mica y en la historieta, ya que es imposible hablar de ellas sin la existencia de un guion.<\/span> &#8211; <span style=\"color: #808080;\">Alguns dir\u00e3o que o roteiro \u00e9 a parte essencial de uma hist\u00f3ria em quadrinhos. O autor da piada nos conta que primeiro h\u00e1 o lampejo da genialidade e depois sua express\u00e3o em um desenho. Outros, por\u00e9m, consideram que o fundamental dos quadrinhos, como arte, \u00e9 a parte pict\u00f3rica. Ambas as ideias nunca concordar\u00e3o. Mas reservaremos este espa\u00e7o \u00e0 bibliografia relativa ao roteiro da vinheta e da hist\u00f3ria em quadrinhos, pois \u00e9 imposs\u00edvel falar deles sem a exist\u00eancia de um roteiro.<\/span><\/p>\n<p><strong><span style=\"color: #999999;\">\u00a0<\/span><\/strong><\/p>\n<p>[\/et_pb_text][\/et_pb_column][\/et_pb_row][et_pb_row _builder_version=\u00bb4.20.2&#8243; _module_preset=\u00bbdefault\u00bb custom_padding=\u00bb0px|||||\u00bb global_colors_info=\u00bb{}\u00bb theme_builder_area=\u00bbpost_content\u00bb][et_pb_column type=\u00bb4_4&#8243; _builder_version=\u00bb4.20.2&#8243; _module_preset=\u00bbdefault\u00bb global_colors_info=\u00bb{}\u00bb theme_builder_area=\u00bbpost_content\u00bb][et_pb_shop type=\u00bbproduct_category\u00bb posts_number=\u00bb40&#8243; show_pagination=\u00bbon\u00bb include_categories=\u00bb55&#8243; columns_number=\u00bb4&#8243; orderby=\u00bbmenu_order\u00bb icon_hover_color=\u00bb#FFFFFF\u00bb hover_overlay_color=\u00bbRGBA(255,255,255,0)\u00bb hover_icon=\u00bb&#x76;||divi||400&#8243; show_price=\u00bboff\u00bb show_rating=\u00bboff\u00bb show_sale_badge=\u00bboff\u00bb _builder_version=\u00bb4.25.0&#8243; _module_preset=\u00bbdefault\u00bb title_font=\u00bb|700|||||||\u00bb title_text_align=\u00bbcenter\u00bb title_text_color=\u00bb#0C71C3&#8243; title_font_size=\u00bb10px\u00bb hover_enabled=\u00bb0&#8243; box_shadow_style_image=\u00bbpreset1&#8243; global_colors_info=\u00bb{}\u00bb theme_builder_area=\u00bbpost_content\u00bb sticky_enabled=\u00bb0&#8243;][\/et_pb_shop][\/et_pb_column][\/et_pb_row][\/et_pb_section]<\/p>\n","protected":false},"excerpt":{"rendered":"<p>Unos dir\u00e1n que el guion es la parte esencial de una historieta. El autor del chiste nos dice que antes est\u00e1 el destello de genialidad y luego su plasmaci\u00f3n en dibujo. Otros, en cambio, consideran que lo fundamental del c\u00f3mic, como arte, es la parte pict\u00f3rica. Ambas ideas nunca se pondr\u00e1n de acuerdo. Pero reservaremos [&hellip;]<\/p>\n","protected":false},"author":1,"featured_media":0,"parent":0,"menu_order":0,"comment_status":"closed","ping_status":"closed","template":"","meta":{"_et_pb_use_builder":"on","_et_pb_old_content":"","_et_gb_content_width":"","_monsterinsights_skip_tracking":false,"_monsterinsights_sitenote_active":false,"_monsterinsights_sitenote_note":"","_monsterinsights_sitenote_category":0,"footnotes":""},"class_list":["post-11729","page","type-page","status-publish","hentry"],"yoast_head":"<!-- This site is optimized with the Yoast SEO plugin v27.2 - https:\/\/yoast.com\/product\/yoast-seo-wordpress\/ -->\n<title>tema-guion | historieta<\/title>\n<meta name=\"robots\" content=\"index, follow, max-snippet:-1, max-image-preview:large, max-video-preview:-1\" \/>\n<link rel=\"canonical\" href=\"https:\/\/www.historieta.es\/?page_id=11729\" \/>\n<meta property=\"og:locale\" content=\"es_ES\" \/>\n<meta property=\"og:type\" content=\"article\" \/>\n<meta property=\"og:title\" content=\"tema-guion | historieta\" \/>\n<meta property=\"og:description\" content=\"Unos dir\u00e1n que el guion es la parte esencial de una historieta. El autor del chiste nos dice que antes est\u00e1 el destello de genialidad y luego su plasmaci\u00f3n en dibujo. Otros, en cambio, consideran que lo fundamental del c\u00f3mic, como arte, es la parte pict\u00f3rica. Ambas ideas nunca se pondr\u00e1n de acuerdo. Pero reservaremos [&hellip;]\" \/>\n<meta property=\"og:url\" content=\"https:\/\/www.historieta.es\/?page_id=11729\" \/>\n<meta property=\"og:site_name\" content=\"historieta\" \/>\n<meta property=\"article:modified_time\" content=\"2024-05-03T07:55:51+00:00\" \/>\n<meta name=\"twitter:card\" content=\"summary_large_image\" \/>\n<meta name=\"twitter:label1\" content=\"Tiempo de lectura\" \/>\n\t<meta name=\"twitter:data1\" content=\"3 minutos\" \/>\n<script type=\"application\/ld+json\" class=\"yoast-schema-graph\">{\"@context\":\"https:\/\/schema.org\",\"@graph\":[{\"@type\":\"WebPage\",\"@id\":\"https:\/\/www.historieta.es\/?page_id=11729\",\"url\":\"https:\/\/www.historieta.es\/?page_id=11729\",\"name\":\"tema-guion | historieta\",\"isPartOf\":{\"@id\":\"https:\/\/www.historieta.es\/#website\"},\"datePublished\":\"2024-05-03T07:55:44+00:00\",\"dateModified\":\"2024-05-03T07:55:51+00:00\",\"breadcrumb\":{\"@id\":\"https:\/\/www.historieta.es\/?page_id=11729#breadcrumb\"},\"inLanguage\":\"es\",\"potentialAction\":[{\"@type\":\"ReadAction\",\"target\":[\"https:\/\/www.historieta.es\/?page_id=11729\"]}]},{\"@type\":\"BreadcrumbList\",\"@id\":\"https:\/\/www.historieta.es\/?page_id=11729#breadcrumb\",\"itemListElement\":[{\"@type\":\"ListItem\",\"position\":1,\"name\":\"Portada\",\"item\":\"https:\/\/www.historieta.es\/\"},{\"@type\":\"ListItem\",\"position\":2,\"name\":\"tema-guion\"}]},{\"@type\":\"WebSite\",\"@id\":\"https:\/\/www.historieta.es\/#website\",\"url\":\"https:\/\/www.historieta.es\/\",\"name\":\"historieta\",\"description\":\"sitio de comic\",\"potentialAction\":[{\"@type\":\"SearchAction\",\"target\":{\"@type\":\"EntryPoint\",\"urlTemplate\":\"https:\/\/www.historieta.es\/?s={search_term_string}\"},\"query-input\":{\"@type\":\"PropertyValueSpecification\",\"valueRequired\":true,\"valueName\":\"search_term_string\"}}],\"inLanguage\":\"es\"}]}<\/script>\n<!-- \/ Yoast SEO plugin. -->","yoast_head_json":{"title":"tema-guion | historieta","robots":{"index":"index","follow":"follow","max-snippet":"max-snippet:-1","max-image-preview":"max-image-preview:large","max-video-preview":"max-video-preview:-1"},"canonical":"https:\/\/www.historieta.es\/?page_id=11729","og_locale":"es_ES","og_type":"article","og_title":"tema-guion | historieta","og_description":"Unos dir\u00e1n que el guion es la parte esencial de una historieta. El autor del chiste nos dice que antes est\u00e1 el destello de genialidad y luego su plasmaci\u00f3n en dibujo. Otros, en cambio, consideran que lo fundamental del c\u00f3mic, como arte, es la parte pict\u00f3rica. Ambas ideas nunca se pondr\u00e1n de acuerdo. Pero reservaremos [&hellip;]","og_url":"https:\/\/www.historieta.es\/?page_id=11729","og_site_name":"historieta","article_modified_time":"2024-05-03T07:55:51+00:00","twitter_card":"summary_large_image","twitter_misc":{"Tiempo de lectura":"3 minutos"},"schema":{"@context":"https:\/\/schema.org","@graph":[{"@type":"WebPage","@id":"https:\/\/www.historieta.es\/?page_id=11729","url":"https:\/\/www.historieta.es\/?page_id=11729","name":"tema-guion | historieta","isPartOf":{"@id":"https:\/\/www.historieta.es\/#website"},"datePublished":"2024-05-03T07:55:44+00:00","dateModified":"2024-05-03T07:55:51+00:00","breadcrumb":{"@id":"https:\/\/www.historieta.es\/?page_id=11729#breadcrumb"},"inLanguage":"es","potentialAction":[{"@type":"ReadAction","target":["https:\/\/www.historieta.es\/?page_id=11729"]}]},{"@type":"BreadcrumbList","@id":"https:\/\/www.historieta.es\/?page_id=11729#breadcrumb","itemListElement":[{"@type":"ListItem","position":1,"name":"Portada","item":"https:\/\/www.historieta.es\/"},{"@type":"ListItem","position":2,"name":"tema-guion"}]},{"@type":"WebSite","@id":"https:\/\/www.historieta.es\/#website","url":"https:\/\/www.historieta.es\/","name":"historieta","description":"sitio de comic","potentialAction":[{"@type":"SearchAction","target":{"@type":"EntryPoint","urlTemplate":"https:\/\/www.historieta.es\/?s={search_term_string}"},"query-input":{"@type":"PropertyValueSpecification","valueRequired":true,"valueName":"search_term_string"}}],"inLanguage":"es"}]}},"_links":{"self":[{"href":"https:\/\/www.historieta.es\/index.php?rest_route=\/wp\/v2\/pages\/11729","targetHints":{"allow":["GET"]}}],"collection":[{"href":"https:\/\/www.historieta.es\/index.php?rest_route=\/wp\/v2\/pages"}],"about":[{"href":"https:\/\/www.historieta.es\/index.php?rest_route=\/wp\/v2\/types\/page"}],"author":[{"embeddable":true,"href":"https:\/\/www.historieta.es\/index.php?rest_route=\/wp\/v2\/users\/1"}],"replies":[{"embeddable":true,"href":"https:\/\/www.historieta.es\/index.php?rest_route=%2Fwp%2Fv2%2Fcomments&post=11729"}],"version-history":[{"count":2,"href":"https:\/\/www.historieta.es\/index.php?rest_route=\/wp\/v2\/pages\/11729\/revisions"}],"predecessor-version":[{"id":11732,"href":"https:\/\/www.historieta.es\/index.php?rest_route=\/wp\/v2\/pages\/11729\/revisions\/11732"}],"wp:attachment":[{"href":"https:\/\/www.historieta.es\/index.php?rest_route=%2Fwp%2Fv2%2Fmedia&parent=11729"}],"curies":[{"name":"wp","href":"https:\/\/api.w.org\/{rel}","templated":true}]}}